{"id":8187,"date":"2021-09-29T09:20:15","date_gmt":"2021-09-29T08:20:15","guid":{"rendered":"https:\/\/crossfit77feettortosa.com\/?page_id=8187"},"modified":"2021-10-01T09:51:07","modified_gmt":"2021-10-01T08:51:07","slug":"termes-i-condicions","status":"publish","type":"page","link":"https:\/\/crossfit77feetlarapita.com\/?page_id=8187","title":{"rendered":"Termes i condicions"},"content":{"rendered":"<p><strong>CONDICIONS DE VENDA<br \/>\n<\/strong><\/p>\n<p>A trav\u00e9s d\u2019aquestes condicions legals de contractaci\u00f3, posem a disposici\u00f3 del consumidor la informaci\u00f3 precontractual a qu\u00e8 es refereix l\u2019article 6 de la Directiva 2011\/83.<\/p>\n<p>Primera, identificaci\u00f3: Els b\u00e9ns que es venen a trav\u00e9s del web crossfit77feettortosa.com s\u00f3n serveis i productes.<\/p>\n<p>Segona, Productes i preus: A la p\u00e0gina web es poden adquirir serveis i productes online. Els preus dels serveis i productes mostrats a la nostra web s\u2019indiquen en euros i inclouen l\u2019IVA tret que s\u2019indiqui el contrari. Les ofertes estan degudament marcades i identificades com a tal. El seu termini de validesa t\u00e9 efectivitat mentre apareixen a la pantalla. Aquestes ofertes podran ser modificades o cancel\u00b7lades sense previ av\u00eds.<\/p>\n<p>Tercera, el proc\u00e9s de compra: Per realitzar una compra a la nostra web cal registrar-se durant el proc\u00e9s de compra. La nostra botiga crea un compte de client, amb l\u2019adre\u00e7a de correu electr\u00f2nic i la contrasenya que es tri\u00ef, per facilitar l\u2019inici de sessi\u00f3 i les futures compres. Aquestes dades seran tractades i incorporades als nostres fitxers, tal com s\u2019informa en el nostre apartat de protecci\u00f3 de dades de car\u00e0cter personal contingut en aquest Av\u00eds Legal.<\/p>\n<p>Per realitzar una compra, haur\u00e0 de triar el servei o producte i autom\u00e0ticament el sistema li redirigir\u00e0 a la p\u00e0gina de comanda (cistella). En aquesta pantalla haur\u00e0 d\u2019indicar el seu nom, cognoms i correu, adre\u00e7a i tel\u00e8fon (llevat que ja s\u2019hagi iniciat sessi\u00f3), a m\u00e9s de triar un m\u00e8tode de pagament. Un cop completat, pr\u00e9mer el bot\u00f3 \u201cPagar\u201d.<\/p>\n<p>Formes de pagament<\/p>\n<p>Crossfit 77 Feet Tortosa ofereix als seus clients la seg\u00fcent forma de pagament:<\/p>\n<p>Targeta de cr\u00e8dit \/ d\u00e8bit: Per poder abonar les seves compres per mitj\u00e0 d\u2019aquest sistema ha de disposar una targeta ja sigui de cr\u00e8dit o d\u00e8bit. Per a la seva tranquil\u00b7litat ser\u00e0 redirigit a la passarel\u00b7la del banc per a la introducci\u00f3 de les dades, se li garanteix una absoluta seguretat, ja que tant les seves dades personals i de la seva targeta viatgen encriptades gr\u00e0cies al servidor segur SSL. Aix\u00ed mateix, en cap moment crossfit77feettortosa.com rep les dades de la seva targeta, nom\u00e9s la confirmaci\u00f3 del seu pagament.<\/p>\n<p>La justificaci\u00f3 de la recepci\u00f3 del producte pel destinatari ser\u00e0 a trav\u00e9s de la IP i ordre d\u2019acc\u00e9s. Es considera que es subscriu el contracte de venda amb l\u2019acceptaci\u00f3 de l\u2019consentiment informat. El consumidor, rebr\u00e0 el justificant de la transacci\u00f3, i la confirmaci\u00f3 que el procediment s\u2019ha completat i que \u00e9s arxivat pel destinatari.<\/p>\n<p><strong>LLIURAMENT DE PRODUCTES\/ANUL.LACIONS\/DEVOLUCIONS<br \/>\n<\/strong><\/p>\n<p>En la compra dels nostres productes no cal aportar cap tipus de garantia financera ni dip\u00f2sit. Els productes venuts a la nostra web gaudeixen de tots els drets de protecci\u00f3 de propietat intel\u00b7lectual i altres garanties legals. Tamb\u00e9 s\u2019utilitzen totes les mesures t\u00e8cniques necess\u00e0ries per garantir la seguretat de la compra i l\u2019acc\u00e9s als productes digitals de forma segura. La interoperabilitat o la capacitat que t\u00e9 el nostre producte o sistema, les interf\u00edcies s\u00f3n totalment conegudes, per funcionar amb altres productes o sistemes existents o futurs, sense restricci\u00f3 d\u2019acc\u00e9s o d\u2019implementaci\u00f3 anir\u00e0 en funci\u00f3 de les necessitats t\u00e8cniques i organitzatives que en cada moment siguin necess\u00e0ries per vendre els productes i prestar els serveis que s\u2019ofereixen a consumidor. L\u2019arxiu del document electr\u00f2nic es far\u00e0 en format digital en els arxius electr\u00f2nics que custodia l\u2019empresa. El web est\u00e0 preparat t\u00e8cnicament per identificar i corregir els errors en la introducci\u00f3 de les dades, sent aquests mitjans t\u00e8cnics variables en funci\u00f3 de l\u2019evoluci\u00f3 dels mateixos.<\/p>\n<p>Complint amb la normativa vigent, el comprador t\u00e9 el dret de retornar qualsevol article comprat en crossfit77feettortosa.com en el termini de 14 dies naturals des de la data de recepci\u00f3.<br \/>\nPer realitzar la devoluci\u00f3, el producte haur\u00e0 d&#8217;estar en perfectes condicions, amb totes les etiquetes adjuntes, en el seu embalatge original i amb qualsevol altre producte promocional incl\u00f2s, igual que quan es va rebre, sense haver estat utilitzat ni manipulat.<\/p>\n<p>Per a la gesti\u00f3 de les devolucions el comprador enviar\u00e0 el paquet amb l&#8217;empresa de missatgeria a la seva elecci\u00f3 i ports a c\u00e0rrec seu.<br \/>\nSi el canvi o devoluci\u00f3 es realitza a la nostra botiga f\u00edsica ser\u00e0 gratu\u00eft, per a la tramitaci\u00f3 s&#8217;haur\u00e0 de posar en contacte amb info @ crossfit77feettortosa.com.<\/p>\n<p>\u00c9s important que a l&#8217;hora d&#8217;empaquetar l&#8217;article no es produeixin danys en l&#8217;embalatge original. En el cas que es retorni sense aquests embalatges originals o amb desperfectes, l&#8217;import que s&#8217;abonar\u00e0 al comprador per la devoluci\u00f3 del producte ser\u00e0 disminu\u00eft en la quantitat que correspongui segons l&#8217;estat del producte retornat.<br \/>\nUn cop rebut el producte en els nostres magatzems i pr\u00e8via comprovaci\u00f3 de l&#8217;estat de la mateixa, es procedir\u00e0 a el reintegrament del seu import mitjan\u00e7ant la forma de pagament utilitzada en la compra, dins del termini m\u00e0xim de 14 dies posteriors a la notificaci\u00f3 de desestiment.<\/p>\n<p>Si el producte no correspon amb la comanda realitzada pel client, crossfit77feettortosa.com carregar\u00e0 amb totes les despeses.<\/p>\n<p>Per realitzar qualsevol gesti\u00f3 ser\u00e0 necessari presentar la factura original de compra emesa per crossfit77feettortosa.com.<\/p>\n<p>No es realitzar\u00e0 cap enviament de mercaderia fins que s&#8217;hagi rebut l&#8217;article objecte de devoluci\u00f3 al nostre magatzem i s&#8217;hagi comprovat que torna en perfectes condicions.<\/p>\n<p>Un cop haguem contactat amb el client procedirem a la recollida del producte, totalment gratu\u00efta i es tramitar\u00e0 la incid\u00e8ncia.<\/p>\n","protected":false},"excerpt":{"rendered":"<p>CONDICIONS DE VENDA A trav\u00e9s d\u2019aquestes condicions legals de contractaci\u00f3, posem a disposici\u00f3 del consumidor la informaci\u00f3 precontractual a qu\u00e8 es refereix l\u2019article 6 de la Directiva 2011\/83. Primera, identificaci\u00f3: Els b\u00e9ns que es venen a trav\u00e9s del web crossfit77feettortosa.com s\u00f3n serveis i productes. Segona, Productes i preus: A la p\u00e0gina web es poden adquirir serveis i productes online. Els preus dels serveis i productes mostrats a la nostra web s\u2019indiquen en euros i inclouen l\u2019IVA tret que s\u2019indiqui el contrari. Les ofertes estan degudament marcades i identificades com a [&hellip;]<\/p>\n","protected":false},"author":1,"featured_media":0,"parent":0,"menu_order":0,"comment_status":"closed","ping_status":"closed","template":"","meta":{"_joinchat":[],"footnotes":""},"class_list":["post-8187","page","type-page","status-publish","hentry"],"_links":{"self":[{"href":"https:\/\/crossfit77feetlarapita.com\/index.php?rest_route=\/wp\/v2\/pages\/8187","targetHints":{"allow":["GET"]}}],"collection":[{"href":"https:\/\/crossfit77feetlarapita.com\/index.php?rest_route=\/wp\/v2\/pages"}],"about":[{"href":"https:\/\/crossfit77feetlarapita.com\/index.php?rest_route=\/wp\/v2\/types\/page"}],"author":[{"embeddable":true,"href":"https:\/\/crossfit77feetlarapita.com\/index.php?rest_route=\/wp\/v2\/users\/1"}],"replies":[{"embeddable":true,"href":"https:\/\/crossfit77feetlarapita.com\/index.php?rest_route=%2Fwp%2Fv2%2Fcomments&post=8187"}],"version-history":[{"count":4,"href":"https:\/\/crossfit77feetlarapita.com\/index.php?rest_route=\/wp\/v2\/pages\/8187\/revisions"}],"predecessor-version":[{"id":8238,"href":"https:\/\/crossfit77feetlarapita.com\/index.php?rest_route=\/wp\/v2\/pages\/8187\/revisions\/8238"}],"wp:attachment":[{"href":"https:\/\/crossfit77feetlarapita.com\/index.php?rest_route=%2Fwp%2Fv2%2Fmedia&parent=8187"}],"curies":[{"name":"wp","href":"https:\/\/api.w.org\/{rel}","templated":true}]}}