{"id":8170,"date":"2021-09-28T10:40:35","date_gmt":"2021-09-28T09:40:35","guid":{"rendered":"https:\/\/crossfit77feettortosa.com\/?page_id=8170"},"modified":"2021-10-01T10:07:05","modified_gmt":"2021-10-01T09:07:05","slug":"politica-de-privadesa-2","status":"publish","type":"page","link":"https:\/\/crossfit77feetlarapita.com\/?page_id=8170","title":{"rendered":"Politica de privadesa"},"content":{"rendered":"<p><strong>POLITICA DE PRIVADESA<\/strong><\/p>\n<p>En compliment del Cap\u00edtol II de la llei 34\/2002, LSSICE, els informem que la present p\u00e0gina web \u00e9s propietat de Crossfit 77 Feet Tortosa, d\u2019ara en endavant tamb\u00e9 el prestador.<\/p>\n<p>Crossfit 77 Feet Tortosa, com a responsable d\u2019aquest lloc web i en conformitat amb el que disposa la normativa vigent en mat\u00e8ria de protecci\u00f3 de dades personals, el Reglament (UE) 2016\/679 de 27 d\u2019abril de 2016 (RGPD) relatiu a la protecci\u00f3 de les persones f\u00edsiques pel que fa al tractament de dades personals i la lliure circulaci\u00f3 d\u2019aquestes dades, la Llei Org\u00e0nica 15\/1999, de 13 de desembre, de protecci\u00f3 de dades de car\u00e0cter personal (LOPD) i per la Llei 34\/2002, d\u201911 de juliol, de Serveis de la Societat de la Informaci\u00f3 i del Comer\u00e7 Electr\u00f2nic (LSSICE), t\u00e9 implementades totes les mesures de seguretat, d\u2019\u00edndole t\u00e8cnica i organitzatives, establertes al Reial decret 1720\/2007 de 21 de desembre, (que desenvolupa la LOPD) per garantir i protegir la confidencialitat, integritat i disponibilitat de les dades introdu\u00efdes.<\/p>\n<p>A l\u2019efecte del que preveu la LOPD, Crossfit 77 Feet Tortosa l\u2019informa que les dades que volunt\u00e0riament ens est\u00e0 facilitant seran incorporades als nostres sistemes d\u2019informaci\u00f3 per tal de realitzar les gestions comercials i administratives necess\u00e0ries amb els usuaris del web; Les operacions previstes per a realitzar els tractaments s\u00f3n els seg\u00fcents: respondre a les consultes i \/ o proporcionar informacions requerides per l\u2019usuari; realitzar les prestacions de serveis i \/ o productes contractats o subscrits per l\u2019usuari; realitzar totes aquelles activitats pr\u00f2pies de Crossfit 77 Feet Tortosa pel present av\u00eds legal ressenyades i remetre el butllet\u00ed de not\u00edcies de la p\u00e0gina web.<\/p>\n<p>El signant garanteix la veracitat de les dades aportades i es compromet a comunicar qualsevol canvi que es produeixi en els mateixos.<\/p>\n<p>El prestador, mitjan\u00e7ant asterisc (*, o texte informatiu) en les caselles corresponents del formulari de contacte, l\u2019informa d\u2019aquesta obligatorietat a l\u2019usuari, indicant quines dades s\u00f3n necessaris. Mitjan\u00e7ant la indicaci\u00f3 i introducci\u00f3 de les dades, l\u2019usuari atorga el consentiment inequ\u00edvoc a Crossfit 77 Feet Tortosa perqu\u00e8 procedeixi al tractament de les dades facilitades en pro de les finalitats esmentades.<\/p>\n<p>El no facilitar les dades personals sol\u00b7licitades o el no acceptar la present pol\u00edtica de protecci\u00f3 de dades suposa la impossibilitat de subscriure, registrar o rebre informaci\u00f3 dels productes i serveis del prestador.<\/p>\n<p>En conformitat amb el que disposen les normatives vigents en protecci\u00f3 de dades personals, el prestador est\u00e0 complint amb totes les disposicions de les normatives RGPD i LOPD per al tractament de les dades personals de la seva responsabilitat, i manifestament amb els principis descrits a l\u2019art.\u00a05 de l\u2019RGPD i l\u2019art.\u00a04 de la LOPD, pels quals s\u00f3n tractats de manera l\u00edcita, lleial i transparent en relaci\u00f3 amb l\u2019interessat i adequades, pertinents i limitats al que \u00e9s necessari en relaci\u00f3 amb els fins per als quals s\u00f3n tractats.<\/p>\n<p>El RESPONSABLE garanteix que ha implementat pol\u00edtiques t\u00e8cniques i organitzatives apropiades per aplicar les mesures de seguretat que estableixen el RGPD i la LOPD per protegir els drets i llibertats dels usuaris.<\/p>\n<p>D\u2019acord amb aquestes normatives, doncs, l\u2019informem que t\u00e9 dret a sol\u00b7licitar l\u2019acc\u00e9s, rectificaci\u00f3, portabilitat i supressi\u00f3 de les seves dades i la limitaci\u00f3 i oposici\u00f3 al seu tractament enviant un correu electr\u00f2nic a info @ crossfit77feettortosa.com, indicant com Assumpte: \u00abLOPD\u00bb, i adjuntant fotoc\u00f2pia del seu DNI o qualsevol mitj\u00e0 an\u00e0leg en dret, tal com indica la llei. T\u00e9 dret a retirar el consentiment donat en qualsevol moment. La retirada del consentiment no afectar\u00e0 la licitud del tractament efectuat abans de la retirada del consentiment. Tamb\u00e9 t\u00e9 dret a presentar una reclamaci\u00f3 davant l\u2019autoritat de control si considera que poden haver-se vist vulnerats els seus drets en relaci\u00f3 a la protecci\u00f3 de les seves dades (agpd.es).<\/p>\n<p><strong>CONFIDENCIALITAT I CESSI\u00d3 DE DADES A TERCERS<br \/>\n<\/strong>Les dades que ens faciliti es tractaran de forma confidencial.\u00a0El prestador ha adoptat totes les mesures t\u00e8cniques i organitzatives i tots els nivells de protecci\u00f3 necessaris per a garantir la seguretat en el tractament de les dades i evitar la seva alteraci\u00f3, p\u00e8rdua, robatori, tractament o acc\u00e9s no autoritzat, d\u2019acord l\u2019estat de la tecnologia i naturalesa de les dades emmagatzemades.\u00a0Aix\u00ed mateix, es garanteix tamb\u00e9 que el tractament i registre en fitxers, programes, sistemes o equips, locals i centres compleixen amb els requisits i condicions d\u2019integritat i seguretat establertes en la normativa vigent.<\/p>\n<p>Crossfit 77 Feet Tortosa no cedir\u00e0 les dades personals a tercers, excepte per obligaci\u00f3 legal. No obstant aix\u00f2, en el cas de ser cedits a algun tercer es produiria una informaci\u00f3 pr\u00e8via sol\u00b7licitant el consentiment expr\u00e9s per tal cessi\u00f3. L\u2019entitat responsable de la base de dades, aix\u00ed com els que intervinguin en qualsevol fase del tractament i \/ o les entitats a qui se\u2019ls hagi comunicat -en tot cas sempre amb la corresponent autoritzaci\u00f3 atorgada per l\u2019usuari-, estan obligades a conservar el secret professional i l\u2019adopci\u00f3 dels nivells de protecci\u00f3 i les mesures t\u00e8cniques i organitzatives necess\u00e0ries al seu abast per garantir la seguretat de les dades de car\u00e0cter personal, evitant, en la mesura del possible, accessos no autoritzats, modificacions il\u00b7l\u00edcites, sostraccions i \/ o la p\u00e8rdua de les dades, a fi de procurar el corresponent nivell de seguretat dels fitxers del prestador, segons la naturalesa i sensibilitat de les dades facilitades pels usuaris d\u2019aquest lloc web.<\/p>\n<p><strong>ACCEPTACI\u00d3 I CONSENTIMENT<br \/>\n<\/strong>L\u2019usuari declara haver estat informat de les condicions sobre protecci\u00f3 de dades de car\u00e0cter personal, acceptant i consentint el tractament automatitzat dels mateixos per part de Crossfit 77 Feet Tortosa en la forma i per a les finalitats indicades en la present Pol\u00edtica de Protecci\u00f3 de Dades Personals.<\/p>\n<p>A trav\u00e9s d\u2019aquesta pol\u00edtica de privacitat li informem que les fotografies que estiguin penjades al web s\u00f3n propietat de Crossfit 77 Feet Tortosa, incloent les dels menors, en les quals, per a l\u2019obtenci\u00f3 d\u2019aquestes, s\u2019ha obtingut el consentiment previ dels pares , tutors o representants legals mitjan\u00e7ant la signatura dels formularis realitzats a l\u2019efecte pels centres en els quals els menors formen part. No obstant aix\u00f2, els pares, tutors o representants dels menors, com a titulars de l\u2019exercici dels drets d\u2019aquests, i sempre previ requeriment formal per escrit, poden indicar la negativa a l\u2019\u00fas de la imatge del menor; en aquest cas, la imatge es mostrar\u00e0 p\u00edxelada.<\/p>\n<p><strong>EXACTITUD I VERACITAT DE LES DADES<br \/>\n<\/strong>L\u2019usuari \u00e9s l\u2019\u00fanic responsable de la veracitat i correcci\u00f3 de les dades que remeti a Crossfit 77 Feet Tortosa, exonerant a prestador de qualsevol responsabilitat al respecte. Els usuaris garanteixen i responen, en qualsevol cas, de l\u2019exactitud, vig\u00e8ncia i autenticitat de les dades personals facilitades, i es comprometen a mantenir-les degudament actualitzades. L\u2019usuari accepta proporcionar informaci\u00f3 completa i correcta en el formulari de registre o subscripci\u00f3.<\/p>\n<p><strong>CONTINGUT DEL WEB I ENLLA\u00c7OS (LINKS)<br \/>\n<\/strong>Crossfit 77 Feet Tortosa, es reserva el dret a actualitzar, modificar o eliminar la informaci\u00f3 continguda al web, podent, fins i tot, limitar o no permetre l\u2019acc\u00e9s a la informaci\u00f3.<\/p>\n<p>Crossfit 77 Feet Tortosa, no assumeix cap tipus de responsabilitat per la informaci\u00f3 continguda en les webs de tercers a les que es pugui accedir pels \u00ablinks\u00bb o enlla\u00e7os des de qualsevol p\u00e0gina web propietat del prestador.<\/p>\n<p>La pres\u00e8ncia de \u00ablinks\u00bb o enlla\u00e7os nom\u00e9s tenen finalitat informativa i en cap cas suposa cap suggeriment, invitaci\u00f3 o reconeixement sobre els mateixos.<\/p>\n<p><strong>ENVIAMENT CV<br \/>\n<\/strong>En el cas que l\u2019usuari envi\u00ef el seu CV a trav\u00e9s del nostre web, us informem que les dades aportades seran tractades per fer-lo part\u00edcip dels processos de selecci\u00f3 que hi pugui haver, duent a terme una an\u00e0lisi del perfil del sol\u00b7licitant amb l\u2019objectiu de seleccionar el millor candidat per al lloc vacant del Responsable.\u00a0L\u2019informem que aquest \u00e9s l\u2019\u00fanic procediment oficial per acceptar el seu curr\u00edculum, de manera que no s\u2019acceptaran els curr\u00edculums remesos per un altre procediment diferent.\u00a0En cas de produir-se alguna modificaci\u00f3 en les dades, li preguem ens ho comuniqui per escrit el m\u00e9s davant possible, a fi de mantenir les seves dades degudament actualitzades.<\/p>\n<p>Les dades es conservaran durant un termini m\u00e0xim d\u2019un any, transcorregut el qual es procedir\u00e0 a la supressi\u00f3 de les dades garantint un total respecte a la confidencialitat tant en el tractament com en la seva posterior destrucci\u00f3.\u00a0En aquest sentit, transcorregut l\u2019esmentat termini, i si desitja continuar participant en els processos de selecci\u00f3 del Responsable, li preguem ens remeti novament el seu curr\u00edculum.<\/p>\n<p>Les dades es podran tractar i \/ o comunicar a les empreses integrants del nostre grup durant el temps de conservaci\u00f3 del seu curr\u00edculum i per als mateixos fins abans informats.<\/p>\n<p><strong>SUBSCRIPCI\u00d3 AL BLOC<br \/>\n<\/strong>En el cas que l\u2019usuari es subscrigui al bloc, l\u2019informem que les dades aportades seran tractades per gestionar la seva subscripci\u00f3 al bloc informatiu amb av\u00eds d\u2019actualitzaci\u00f3 i que es conservaran mentre hi hagi un inter\u00e8s mutu per mantenir la fi del tractament.\u00a0Quan ja no sigui necessari per a tal fi, es suprimiran amb mesures de seguretat adequades.\u00a0No es comunicaran les dades a tercers, excepte obligaci\u00f3 legal.<\/p>\n<p><strong>PUBLICACI\u00d3 DE TESTIMONIS<br \/>\n<\/strong>En el cas que l\u2019usuari vulgui publicar la seva opini\u00f3 a la web, l\u2019informem que les dades aportades seran tractades seran per atendre els suggeriments proposats, experi\u00e8ncies o opinions respecte dels productes i \/ o serveis per ser publicades a la p\u00e0gina web i aix\u00ed poder ajudar a altres usuaris.\u00a0Les dades es conservaran mentre hi hagi un inter\u00e8s mutu per mantenir la fi del tractament i quan ja no sigui necessari per a tal fi, es suprimiran amb mesures de seguretat adequades.\u00a0Els testimonis es publicaran a la nostra p\u00e0gina web.\u00a0L\u2019\u00fanica dada personal que es publicar\u00e0 del testimoni ser\u00e0 el seu nom.<\/p>\n<p><strong>CANVIS EN LA PRESENT POL\u00cdTICA DE PRIVACITAT<br \/>\n<\/strong>Crossfit 77 Feet Tortosa, es reserva el dret a modificar la present pol\u00edtica per adaptar-la a novetats legislatives o jurisprudencials.<\/p>\n<p><strong>CORREUS COMERCIALS<br \/>\n<\/strong>D\u2019acord amb la LSSICE, Crossfit 77 Feet Tortosa no realitza pr\u00e0ctiques de SPAM, per tant, no envia correus comercials per e-mail que no hagin estat pr\u00e8viament sol\u00b7licitats o autoritzats per l\u2019usuari. En conseq\u00fc\u00e8ncia, a cada un dels formularis de la p\u00e0gina web, l\u2019usuari t\u00e9 la possibilitat de donar el seu consentiment per rebre el nostre Butllet\u00ed, amb independ\u00e8ncia de la informaci\u00f3 comercial puntualment sol\u00b7licitada.<\/p>\n<p><strong>LEGISLACI\u00d3<br \/>\n<\/strong>Amb car\u00e0cter general les relacions entre Crossfit 77 Feet Tortosa amb els usuaris dels seus serveis telem\u00e0tics, presents en aquesta web, estan sotmesos a la legislaci\u00f3 i jurisdicci\u00f3 espanyola a la qual se sotmeten expressament les parts, sent competents per a la resoluci\u00f3 de tots els conflictes derivats o relacionats amb el seu \u00fas els Jutjats i Tribunals de Tarragona.<\/p>\n<p><strong>CONDICIONS DE CONTRACTACI\u00d3<br \/>\n<\/strong>A trav\u00e9s d\u2019aquestes condicions legals de contractaci\u00f3, posem a disposici\u00f3 del consumidor la informaci\u00f3 precontractual a qu\u00e8 es refereix l\u2019article 6 de la Directiva 2011\/83.<\/p>\n<p>Primera, identificaci\u00f3: Els b\u00e9ns que es venen a trav\u00e9s del web crossfit77feettortosa.com s\u00f3n serveis i productes online.<\/p>\n<p>Segona, Productes i preus: A la p\u00e0gina web es poden adquirir serveis i productes online. En el cas de programari lliure de tercers, mai s\u2019inclou cap clau de llic\u00e8ncia d\u2019el desenvolupador original. Els preus dels serveis i productes mostrats a la nostra web s\u2019indiquen en euros i inclouen l\u2019IVA tret que s\u2019indiqui el contrari. Les ofertes estan degudament marcades i identificades com a tal. El seu termini de validesa t\u00e9 efectivitat mentre apareixen a la pantalla. Aquestes ofertes podran ser modificades o cancel\u00b7lades sense previ av\u00eds.<\/p>\n<p>Tercera, el proc\u00e9s de compra: Per realitzar una compra a la nostra web cal registrar-se durant el proc\u00e9s de compra. La nostra botiga crea un compte de client, amb l\u2019adre\u00e7a de correu electr\u00f2nic i la contrasenya que es tri\u00ef, per facilitar l\u2019inici de sessi\u00f3 i les futures compres. Aquestes dades seran tractades i incorporades als nostres fitxers, tal com s\u2019informa en el nostre apartat de protecci\u00f3 de dades de car\u00e0cter personal contingut en aquest Av\u00eds Legal.<\/p>\n<p>Per realitzar una compra, haur\u00e0 de triar el servei o producte i autom\u00e0ticament el sistema li redirigir\u00e0 a la p\u00e0gina de comanda (cistella). En aquesta pantalla haur\u00e0 d\u2019indicar el seu nom, cognoms i correu, adre\u00e7a i tel\u00e8fon (llevat que ja s\u2019hagi iniciat sessi\u00f3), a m\u00e9s de triar un m\u00e8tode de pagament. Un cop completat, pr\u00e9mer el bot\u00f3 \u201cPagar\u201d.<\/p>\n<p>Formes de pagament<\/p>\n<p>Crossfit 77 Feet Tortosa ofereix als seus clients la seg\u00fcent forma de pagament:<\/p>\n<p>Targeta de cr\u00e8dit \/ d\u00e8bit: Per poder abonar les seves compres per mitj\u00e0 d\u2019aquest sistema ha de disposar una targeta ja sigui de cr\u00e8dit o d\u00e8bit. Per a la seva tranquil\u00b7litat ser\u00e0 redirigit a la passarel\u00b7la de banc per a la introducci\u00f3 de les dades, se li garanteix una absoluta seguretat, ja que tant les seves dades personals i de la seva targeta viatgen encriptades gr\u00e0cies al servidor segur SSL. Aix\u00ed mateix, en cap moment crossfit77feettortosa.com rep les dades de la seva targeta, nom\u00e9s la confirmaci\u00f3 del seu pagament.<\/p>\n<p>La justificaci\u00f3 de la recepci\u00f3 del producte pel destinatari ser\u00e0 a trav\u00e9s de la IP i ordre d\u2019acc\u00e9s. Es considera que es subscriu el contracte de venda amb l\u2019acceptaci\u00f3 del consentiment informat. El consumidor, rebr\u00e0 el justificant de la transacci\u00f3, i la confirmaci\u00f3 que el procediment s\u2019ha completat i que \u00e9s arxivat pel destinatari.<\/p>\n<p><strong>LLIURAMENT DE PRODUCTES<br \/>\n<\/strong>En la compra dels nostres productes no cal aportar cap tipus de garantia financera ni dip\u00f2sit. Els productes venuts a la nostra web gaudeixen de tots els drets de protecci\u00f3 de propietat intel\u00b7lectual i altres garanties legals. Tamb\u00e9 s\u2019utilitzen totes les mesures t\u00e8cniques necess\u00e0ries per garantir la seguretat de la compra i l\u2019acc\u00e9s als productes digitals de forma segura. La interoperabilitat o la capacitat que t\u00e9 el nostre producte o sistema, les interf\u00edcies s\u00f3n totalment conegudes, per funcionar amb altres productes o sistemes existents o futurs, sense restricci\u00f3 d\u2019acc\u00e9s o d\u2019implementaci\u00f3 anir\u00e0 en funci\u00f3 de les necessitats t\u00e8cniques i organitzatives que en cada moment siguin necess\u00e0ries per vendre els productes i prestar els serveis que s\u2019ofereixen a consumidor. L\u2019arxiu del document electr\u00f2nic es far\u00e0 en format digital en els arxius electr\u00f2nics que custodia l\u2019empresa. El web crossfit77feettortosa.com est\u00e0 preparat t\u00e8cnicament per identificar i corregir els errors en la introducci\u00f3 de les dades, sent aquests mitjans t\u00e8cnics variables en funci\u00f3 de l\u2019evoluci\u00f3 dels mateixos.<\/p>\n<p>Quarta, anul\u00b7laci\u00f3 i devolucions: El client de la nostra botiga en l\u00ednia es compromet en tot moment a facilitar informaci\u00f3 vera\u00e7 sobre les dades sol\u00b7licitades en els diferents formularis de compra. En el sup\u00f2sit de la venda o comercialitzaci\u00f3 de productes del nostre lloc web que requereixin que el comprador tingui una determinada edat segons la legislaci\u00f3 vigent del seu pa\u00eds d\u2019origen, el comprador manifesta que compleix aquest requisit per formalitzar la compra.<\/p>\n<p>El dret de reemborsament no ser\u00e0 aplicable als contractes que es refereixin a subministrament de contingut digital (programes, aplicacions, jocs, m\u00fasica, v\u00eddeos o textos inform\u00e0tics, tant per desc\u00e0rrega o emissi\u00f3 en temps real). Aix\u00ed que quan el client estigui adquirint un Infocurs i s\u2019hagi iniciat perd el seu dret de desistiment. A l\u2019\u00e9sser productes digitals, no hi ha despeses materials de devoluci\u00f3 del producte, perqu\u00e8 es limita \u00fanicament a l\u2019acc\u00e9s, per tant no hi haur\u00e0 reemborsament de despeses.<\/p>\n","protected":false},"excerpt":{"rendered":"<p>POLITICA DE PRIVADESA En compliment del Cap\u00edtol II de la llei 34\/2002, LSSICE, els informem que la present p\u00e0gina web \u00e9s propietat de Crossfit 77 Feet Tortosa, d\u2019ara en endavant tamb\u00e9 el prestador. Crossfit 77 Feet Tortosa, com a responsable d\u2019aquest lloc web i en conformitat amb el que disposa la normativa vigent en mat\u00e8ria de protecci\u00f3 de dades personals, el Reglament (UE) 2016\/679 de 27 d\u2019abril de 2016 (RGPD) relatiu a la protecci\u00f3 de les persones f\u00edsiques pel que fa al tractament de dades personals i la lliure circulaci\u00f3 [&hellip;]<\/p>\n","protected":false},"author":1,"featured_media":0,"parent":0,"menu_order":0,"comment_status":"closed","ping_status":"closed","template":"","meta":{"_joinchat":[],"footnotes":""},"class_list":["post-8170","page","type-page","status-publish","hentry"],"_links":{"self":[{"href":"https:\/\/crossfit77feetlarapita.com\/index.php?rest_route=\/wp\/v2\/pages\/8170","targetHints":{"allow":["GET"]}}],"collection":[{"href":"https:\/\/crossfit77feetlarapita.com\/index.php?rest_route=\/wp\/v2\/pages"}],"about":[{"href":"https:\/\/crossfit77feetlarapita.com\/index.php?rest_route=\/wp\/v2\/types\/page"}],"author":[{"embeddable":true,"href":"https:\/\/crossfit77feetlarapita.com\/index.php?rest_route=\/wp\/v2\/users\/1"}],"replies":[{"embeddable":true,"href":"https:\/\/crossfit77feetlarapita.com\/index.php?rest_route=%2Fwp%2Fv2%2Fcomments&post=8170"}],"version-history":[{"count":5,"href":"https:\/\/crossfit77feetlarapita.com\/index.php?rest_route=\/wp\/v2\/pages\/8170\/revisions"}],"predecessor-version":[{"id":8240,"href":"https:\/\/crossfit77feetlarapita.com\/index.php?rest_route=\/wp\/v2\/pages\/8170\/revisions\/8240"}],"wp:attachment":[{"href":"https:\/\/crossfit77feetlarapita.com\/index.php?rest_route=%2Fwp%2Fv2%2Fmedia&parent=8170"}],"curies":[{"name":"wp","href":"https:\/\/api.w.org\/{rel}","templated":true}]}}