{"id":8168,"date":"2021-09-28T09:51:20","date_gmt":"2021-09-28T08:51:20","guid":{"rendered":"https:\/\/crossfit77feettortosa.com\/?page_id=8168"},"modified":"2021-09-28T09:51:20","modified_gmt":"2021-09-28T08:51:20","slug":"galetes","status":"publish","type":"page","link":"https:\/\/crossfit77feetlarapita.com\/?page_id=8168","title":{"rendered":"Galetes"},"content":{"rendered":"<p><strong>POL\u00cdTICA DE GALETES<br \/>\n<\/strong>De conformitat amb la normativa espanyola que regula l\u2019\u00fas de galetes en relaci\u00f3 a la prestaci\u00f3 de serveis de comunicacions electr\u00f2niques, recollida en el Reial Decret Llei 13\/2012 del 30 de mar\u00e7, l\u2019informem sobre les galetes utilitzades en el lloc web de <strong>crossfit77feettortosa.com<\/strong>\u00a0(tamb\u00e9 el prestador) i el motiu del seu \u00fas.\u00a0Aix\u00ed mateix, li informa que en navegar en el Lloc Web vost\u00e8 est\u00e0 prestant el seu consentiment per poder utilitzar-les.<\/p>\n<p><strong>QU\u00c8 S\u00d3N LES GALETES?<br \/>\n<\/strong>Una galeta \u00e9s un fitxer que es descarrega al seu ordinador en accedir a determinades p\u00e0gines web.\u00a0Les galetes permeten a una p\u00e0gina web, entre altres coses, emmagatzemar i recuperar informaci\u00f3 sobre els h\u00e0bits de navegaci\u00f3 d\u2019un usuari o del seu equip i, depenent de la informaci\u00f3 que continguin i de la forma en qu\u00e8 utilitzi el seu equip, es poden utilitzar per recon\u00e8ixer a l\u2019usuari.\u00a0Les galetes s\u2019associen \u00fanicament a un usuari an\u00f2nim i el seu ordinador o dispositiu i no proporcionen refer\u00e8ncies que permetin con\u00e8ixer les seves dades personals.<\/p>\n<p><strong>GALETES AFECTADES PER LA NORMATIVA I GALETES EXEMPTES<br \/>\n<\/strong>Segons la directiva de la UE, les galetes que requereixen el consentiment informat per part de l\u2019usuari s\u00f3n les galetes d\u2019anal\u00edtica i les de publicitat i afiliaci\u00f3, quedant exceptuades les de car\u00e0cter t\u00e8cnic i les necess\u00e0ries per al funcionament del lloc web o la prestaci\u00f3 de serveis expressament demandats per l\u2019usuari.<\/p>\n<p><strong>TIPUS DE GALETES<\/strong><\/p>\n<ol>\n<li>a) Segons\u00a0<strong>l\u2019entitat<\/strong>que les gestioni, hi ha\u00a0<strong>galetes pr\u00f2pies<\/strong>\u00a0(aquelles que s\u2019envien a l\u2019equip terminal de l\u2019usuari des d\u2019un equip o domini gestionat pel propi editor i des del qual es presta el servei Sol\u00b7licitat per l\u2019usuari) i\u00a0<strong>de tercers<\/strong>\u00a0(les que s\u2019envien a l\u2019equip terminal de l\u2019usuari des d\u2019un equip o domini que no \u00e9s gestionat per l\u2019editor, sin\u00f3 per una altra entitat que tracta les dades obtingudes mitjan\u00e7ant les galetes).<\/li>\n<li>b) Segons el\u00a0<strong>temps<\/strong>que romanen actives, hi ha les de\u00a0<strong>sessi\u00f3<\/strong>\u00a0(dissenyades per a demanar i emmagatzemar dades mentre l\u2019usuari accedeix a una p\u00e0gina web) i les\u00a0<strong>persistents<\/strong>\u00a0(en qu\u00e8 les dades s\u2019emmagatzemen en el terminal i poden ser accedits i tractats durant un per\u00edode definit pel responsable de la galeta -pot anar d\u2019uns minuts a diversos anys-).<\/li>\n<li>c) Segons la\u00a0<strong>finalitat<\/strong>per a la qual tracten la informaci\u00f3 que recopilen, poden ser:<\/li>\n<\/ol>\n<p>\u2013\u00a0<strong>Galetes t\u00e8cniques<\/strong>\u00a0(necess\u00e0ries per a l\u2019\u00fas del web i la prestaci\u00f3 del servei contractat),<\/p>\n<p>\u2013\u00a0<strong>Galetes de personalitzaci\u00f3<\/strong>\u00a0(que permeten a l\u2019usuari accedir al servei amb caracter\u00edstiques predefinides, com ara l\u2019idioma, tipus de navegador, configuraci\u00f3 regional, etc.)<\/p>\n<p>\u2013\u00a0<strong>Galetes d\u2019an\u00e0lisi<\/strong>\u00a0(recullen informaci\u00f3 l\u2019\u00fas que es realitza del web),<\/p>\n<p>\u2013\u00a0<strong>Galetes publicit\u00e0ries<\/strong>\u00a0(recullen informaci\u00f3 sobre les prefer\u00e8ncies i eleccions personals dels usuaris),<\/p>\n<p>\u2013\u00a0<strong>Galetes d\u2019afiliats<\/strong>\u00a0(permeten fer un seguiment de les visites procedents d\u2019altres webs, amb les que el lloc web estableix un contracte d\u2019afiliaci\u00f3).<\/p>\n<p><strong>\u00a0<\/strong><\/p>\n<p><strong>TIPUS DE GALETES UTILITZADES PER AQUEST LLOC WEB<br \/>\n<\/strong>Les galetes utilitzades al nostre lloc web s\u00f3n de sessi\u00f3 i de tercers, i ens permeten emmagatzemar i accedir a informaci\u00f3 relativa a l\u2019idioma, el tipus de navegador utilitzat, i altres caracter\u00edstiques generals predefinides per l\u2019usuari, aix\u00ed com seguir i analitzar l\u2019activitat que porta a terme per millorar i prestar els nostres serveis d\u2019una manera m\u00e9s eficient i personalitzada.\u00a0Les galetes utilitzades tenen, en tot cas, car\u00e0cter temporal, amb l\u2019\u00fanica finalitat de fer m\u00e9s efica\u00e7 la navegaci\u00f3.\u00a0En cap cas aquestes galetes proporcionen per si mateixes dades de car\u00e0cter personal i no es fan servir per a la recollida dels mateixos.<\/p>\n<p>La utilitzaci\u00f3 de les galetes ofereix avantatges, com ara:<\/p>\n<p>\u2013 facilita a l\u2019usuari la navegaci\u00f3 i l\u2019acc\u00e9s als diferents serveis que ofereix aquest lloc web;<\/p>\n<p>\u2013 evita a l\u2019usuari haver de configurar les caracter\u00edstiques generals predefinides cada vegada que accedeix al lloc web;<\/p>\n<p>\u2013 afavoreix la millora del funcionament i dels serveis prestats a trav\u00e9s d\u2019aquest lloc web, despr\u00e9s del corresponent an\u00e0lisi de la informaci\u00f3 obtinguda a trav\u00e9s de les galetes instal\u00b7lades.<\/p>\n<p>En accedir al nostre web se l\u2019informa que si segueix navegant se li s\u2019instal\u00b7laran diverses galetes de tercers consentint aix\u00ed la instal\u00b7laci\u00f3 de determinades galetes que tindran com a \u00fanica finalitat la de registrar l\u2019acc\u00e9s al nostre lloc web per a la realitzaci\u00f3 d\u2019estad\u00edstiques an\u00f2nimes sobre les visites, recopilant informaci\u00f3 sempre de forma an\u00f2nima.\u00a0No cal que accepti la instal\u00b7laci\u00f3 d\u2019aquestes galetes, pot navegar igualment per tota la nostra web.<\/p>\n<p>En diverses seccions del nostre web es podran instal\u00b7lar galetes de xarxes socials, en concret les seg\u00fcents:<\/p>\n<ul>\n<li>Galeta de Twitter, segons el que disposa la seva pol\u00edtica de privacitat i \u00fas de galetes.<\/li>\n<li>Galeta de Facebook, segons el que disposa la seva pol\u00edtica de galetes.<\/li>\n<li>Galeta de Linkedin, segons el disposat a la seva p\u00e0gina sobre l\u2019\u00fas de les galetes.<\/li>\n<li>Galeta de Google+ i Google Maps, segons el que disposa la seva p\u00e0gina sobre quin tipus de galetes utilitzen.<\/li>\n<\/ul>\n<p><strong>REVOCACI\u00d3<br \/>\n<\/strong>En tot moment podr\u00e0 accedir a la configuraci\u00f3 del seu navegador acceptant o rebutjant totes les galetes, o b\u00e9 seleccionar aquelles la instal\u00b7laci\u00f3 admet i quins no, seguint un dels seg\u00fcents procediments, que dep\u00e8n del navegador que utilitze:<\/p>\n<p><strong>Google Chrome<\/strong>\u00a0(al Men\u00fa Eines): Configuraci\u00f3&gt; Mostra opcions avan\u00e7ades&gt; Privadesa (Configuraci\u00f3 de contingut)&gt; Galetes:\u00a0<a href=\"https:\/\/translate.googleusercontent.com\/translate_c?depth=1&amp;hl=ca&amp;rurl=translate.google.es&amp;sl=es&amp;sp=nmt4&amp;tl=ca&amp;u=https:\/\/support.google.com\/chrome\/answer\/95647%3Fco%3DGENIE.Platform%253DDesktopandhl%3Des&amp;xid=17259,15700002,15700022,15700186,15700190,15700256,15700259,15700262,15700265&amp;usg=ALkJrhifaz-vSF81dc_0C3FTbOVM8EmAYA\">https:\/\/support.google.com\/chrome\/answer\/95647?co=GENIE.Platform%3DDesktopandhl=es<\/a><\/p>\n<p><strong>Microsoft Internet Explorer<\/strong>\u00a0(al Men\u00fa Eines): Opcions d\u2019Internet&gt; Privadesa&gt; Avan\u00e7ada:\u00a0<a href=\"https:\/\/translate.googleusercontent.com\/translate_c?depth=1&amp;hl=ca&amp;rurl=translate.google.es&amp;sl=es&amp;sp=nmt4&amp;tl=ca&amp;u=https:\/\/support.microsoft.com\/es-es\/help\/17442\/windows-internet-explorer-delete-manage-cookies&amp;xid=17259,15700002,15700022,15700186,15700190,15700256,15700259,15700262,15700265&amp;usg=ALkJrhi9UyFqOKc9H8TmNLdWFaAw4Q72sQ\">https:\/\/support.microsoft.com\/es-es\/help\/17442\/windows-internet-explorer-delete-manage-cookies<\/a><\/p>\n<p><strong>Firefox:\u00a0<\/strong>Opcions&gt; Privadesa&gt; Galetes:\u00a0<a href=\"https:\/\/translate.googleusercontent.com\/translate_c?depth=1&amp;hl=ca&amp;rurl=translate.google.es&amp;sl=es&amp;sp=nmt4&amp;tl=ca&amp;u=https:\/\/support.mozilla.org\/es\/kb\/habilitar-y-deshabilitar-cookies-sitios-web-rastrear-preferencias&amp;xid=17259,15700002,15700022,15700186,15700190,15700256,15700259,15700262,15700265&amp;usg=ALkJrhghaoeQyaIHoV3CnhTQ5pdtrizalg\">https:\/\/support.mozilla.org\/es\/kb\/habilitar-y-deshabilitar-cookies-sitios-web-rastrear-preferencias<\/a><\/p>\n<p><strong>Safari, iPad i iPhone:\u00a0<\/strong>Prefer\u00e8ncies&gt; Privadesa:\u00a0<a href=\"https:\/\/translate.googleusercontent.com\/translate_c?depth=1&amp;hl=ca&amp;rurl=translate.google.es&amp;sl=es&amp;sp=nmt4&amp;tl=ca&amp;u=https:\/\/support.apple.com\/kb\/ph21411%3Flocale%3Des_ES&amp;xid=17259,15700002,15700022,15700186,15700190,15700256,15700259,15700262,15700265&amp;usg=ALkJrhhxt9qAN01lQWtG955G3bfjiyi1AA\">https:\/\/support.apple.com\/kb\/ph21411?locale=es_ES<\/a><\/p>\n<p><strong>opera:\u00a0<\/strong>Configuraci\u00f3&gt; Opcions&gt; Avan\u00e7at&gt; Galetes:\u00a0<a href=\"https:\/\/translate.googleusercontent.com\/translate_c?depth=1&amp;hl=ca&amp;rurl=translate.google.es&amp;sl=es&amp;sp=nmt4&amp;tl=ca&amp;u=http:\/\/help.opera.com\/Windows\/12.00\/es-ES\/cookies.html&amp;xid=17259,15700002,15700022,15700186,15700190,15700256,15700259,15700262,15700265&amp;usg=ALkJrhihgjdX-Cin30IB_FimZuCQN_HYuA\">http:\/\/help.opera.com\/Windows\/12.00\/es-ES\/cookies.html<\/a><\/p>\n<p>Aquests navegadors estan sotmesos a actualitzacions o modificacions, pel que no podem garantir que s\u2019ajustin completament a la versi\u00f3 del seu navegador.\u00a0Tamb\u00e9 pot ser que utilitzi un altre navegador no contemplat en aquests enlla\u00e7os com ara Konqueror, Arora, Flock, etc.\u00a0Per evitar aquests desajustos, pot accedir directament des de les opcions del seu navegador, generalment al men\u00fa de \u00abOpcions\u00bb a la secci\u00f3 de \u00abPrivadesa\u00bb.\u00a0(Si us plau, consulteu l\u2019ajuda del seu navegador per a m\u00e9s informaci\u00f3).<\/p>\n<p><strong>DESACTIVACI\u00d3 \/ ACTIVACI\u00d3 I ELIMINACI\u00d3 DE GALETES<br \/>\n<\/strong>Per restringir o bloquejar les galetes, es fa a trav\u00e9s de la configuraci\u00f3 del navegador.<\/p>\n<p>Si no desitja que els llocs web posin cap galeta al seu equip, pot adaptar la configuraci\u00f3 del navegador de manera que se li notifiqui abans que es col\u00b7loqui cap galeta.\u00a0De la mateixa manera, pot adaptar la configuraci\u00f3 de manera que el navegador rebutgi totes les galetes, o \u00fanicament les galetes de tercers.\u00a0Tamb\u00e9 pot eliminar qualsevol de les galetes que ja es trobin en l\u2019equip.\u00a0Recordeu que s\u2019haur\u00e0 d\u2019adaptar per separat la configuraci\u00f3 de cada navegador i equip que utilitzi.<\/p>\n<p>Recordeu que, si no desitja rebre galetes, ja no podrem garantir que el nostre lloc web funcioni com cal.\u00a0Potser algunes funcions del lloc es perdin i \u00e9s possible que ja no pugui veure certs llocs web.\u00a0A m\u00e9s, rebutjar les galetes no vol dir que ja no vagi a veure anuncis publicitaris.\u00a0Simplement els anuncis no s\u2019ajustaran als seus interessos i es repetiran amb m\u00e9s freq\u00fc\u00e8ncia.<\/p>\n<p>Cada navegador t\u00e9 un m\u00e8tode diferent per adaptar la configuraci\u00f3.\u00a0Si cal, consulteu la funci\u00f3 d\u2019ajuda del navegador per establir la configuraci\u00f3 correcta.<\/p>\n<p>Per desactivar les galetes al tel\u00e8fon m\u00f2bil, consulteu el manual del dispositiu per obtenir m\u00e9s informaci\u00f3.<\/p>\n<p>Podeu obtenir m\u00e9s informaci\u00f3 sobre les galetes a Internet,\u00a0<a href=\"https:\/\/translate.googleusercontent.com\/translate_c?depth=1&amp;hl=ca&amp;rurl=translate.google.es&amp;sl=es&amp;sp=nmt4&amp;tl=ca&amp;u=http:\/\/www.aboutcookies.org\/&amp;xid=17259,15700002,15700022,15700186,15700190,15700256,15700259,15700262,15700265&amp;usg=ALkJrhhZHTArDI0GoVbx4TejAmVMb_aZfw\">http:\/\/www.aboutcookies.org\/<\/a>\u00a0.<\/p>\n<p>Tenint en compte la forma en qu\u00e8 funciona Internet i els llocs web, no sempre comptem amb informaci\u00f3 de les galetes que col\u00b7loquen terceres parts a trav\u00e9s del nostre lloc web.\u00a0Aix\u00f2 s\u2019aplica especialment a casos en qu\u00e8 la nostra p\u00e0gina web cont\u00e9 el que es denominen elements integrats: textos, documents, imatges o breus pel\u00b7l\u00edcules que s\u2019emmagatzemen en una altra part, per\u00f2 es mostren al nostre lloc web a trav\u00e9s del mateix.<\/p>\n<p>Per tant, en cas que es trobi amb aquest tipus de galetes en aquest lloc web i no estiguin enumerades en la llista anterior, li preguem que ens ho comuniqui.\u00a0O b\u00e9 poseu-vos en contacte directament amb el tercer per demanar-li informaci\u00f3 sobre les galetes que col\u00b7loca, la finalitat i la durada de la galeta, i com ha garantit la seva privacitat.<\/p>\n","protected":false},"excerpt":{"rendered":"<p>POL\u00cdTICA DE GALETES De conformitat amb la normativa espanyola que regula l\u2019\u00fas de galetes en relaci\u00f3 a la prestaci\u00f3 de serveis de comunicacions electr\u00f2niques, recollida en el Reial Decret Llei 13\/2012 del 30 de mar\u00e7, l\u2019informem sobre les galetes utilitzades en el lloc web de crossfit77feettortosa.com\u00a0(tamb\u00e9 el prestador) i el motiu del seu \u00fas.\u00a0Aix\u00ed mateix, li informa que en navegar en el Lloc Web vost\u00e8 est\u00e0 prestant el seu consentiment per poder utilitzar-les. QU\u00c8 S\u00d3N LES GALETES? Una galeta \u00e9s un fitxer que es descarrega al seu ordinador en accedir [&hellip;]<\/p>\n","protected":false},"author":1,"featured_media":0,"parent":0,"menu_order":0,"comment_status":"closed","ping_status":"closed","template":"","meta":{"_joinchat":[],"footnotes":""},"class_list":["post-8168","page","type-page","status-publish","hentry"],"_links":{"self":[{"href":"https:\/\/crossfit77feetlarapita.com\/index.php?rest_route=\/wp\/v2\/pages\/8168","targetHints":{"allow":["GET"]}}],"collection":[{"href":"https:\/\/crossfit77feetlarapita.com\/index.php?rest_route=\/wp\/v2\/pages"}],"about":[{"href":"https:\/\/crossfit77feetlarapita.com\/index.php?rest_route=\/wp\/v2\/types\/page"}],"author":[{"embeddable":true,"href":"https:\/\/crossfit77feetlarapita.com\/index.php?rest_route=\/wp\/v2\/users\/1"}],"replies":[{"embeddable":true,"href":"https:\/\/crossfit77feetlarapita.com\/index.php?rest_route=%2Fwp%2Fv2%2Fcomments&post=8168"}],"version-history":[{"count":1,"href":"https:\/\/crossfit77feetlarapita.com\/index.php?rest_route=\/wp\/v2\/pages\/8168\/revisions"}],"predecessor-version":[{"id":8169,"href":"https:\/\/crossfit77feetlarapita.com\/index.php?rest_route=\/wp\/v2\/pages\/8168\/revisions\/8169"}],"wp:attachment":[{"href":"https:\/\/crossfit77feetlarapita.com\/index.php?rest_route=%2Fwp%2Fv2%2Fmedia&parent=8168"}],"curies":[{"name":"wp","href":"https:\/\/api.w.org\/{rel}","templated":true}]}}