{"id":8166,"date":"2021-09-28T09:47:19","date_gmt":"2021-09-28T08:47:19","guid":{"rendered":"https:\/\/crossfit77feettortosa.com\/?page_id=8166"},"modified":"2021-10-01T09:40:24","modified_gmt":"2021-10-01T08:40:24","slug":"avis-legal","status":"publish","type":"page","link":"https:\/\/crossfit77feetlarapita.com\/?page_id=8166","title":{"rendered":"Av\u00eds legal"},"content":{"rendered":"<p><strong>AV\u00cdS LEGAL<\/strong><\/p>\n<p>Per tal de donar compliment a l\u2019article 10 de la Llei 34\/2002 de Serveis de la Societat de la Informaci\u00f3 i del Comer\u00e7 Electr\u00f2nic, informem als usuaris de les nostres dades:<\/p>\n<p>Propietari: Crossfit Lo Flamenc, SL<br \/>\nCIF: B16828691<br \/>\nDenominaci\u00f3 Social: Crossfit 77 Feet Tortosa<br \/>\nDomicili Social: Passeig de l\u2019Ebre, 20, 43500, Tortosa, Espa\u00f1a<br \/>\nE-Mail: info @ crossfit77feettortosa.com<br \/>\nLloc web: www.crossfit77feettortosa.com<\/p>\n<p><strong>1.- OBJECTE<br \/>\n<\/strong>Crossfit 77 Feet Tortosa (des d\u2019ara tamb\u00e9 el prestador) com responsable del lloc web, posa a disposici\u00f3 dels usuaris el present document, que regula l\u2019\u00fas del lloc web www.crossfit77feettortosa.com amb el qual pretenem donar compliment a les obligacions que disposa la Llei 34\/2002, de Serveis de la Societat de la Informaci\u00f3 i del Comer\u00e7 Electr\u00f2nic (LSSICE o LSSI), aix\u00ed com informar a tots els usuaris del lloc web respecte de quines s\u00f3n les condicions d\u2019\u00fas del lloc web.<\/p>\n<p>A trav\u00e9s del web, Crossfit 77 Feet Tortosa facilita als usuaris l\u2019acc\u00e9s i utilitzaci\u00f3 de diferents serveis i continguts posats a disposici\u00f3 a trav\u00e9s de la p\u00e0gina web.<\/p>\n<p>Tota persona que accedeixi a aquest web assumeix el paper d\u2019usuari (en endavant l\u2019usuari), i implica l\u2019acceptaci\u00f3 total i sense reserves de totes i cadascuna de les disposicions incloses en aquest av\u00eds legal, aix\u00ed com a qualssevol altres disposicions legals que fossin d\u2019aplicaci\u00f3.<\/p>\n<p>Com a usuaris, han de llegir atentament aquest Av\u00eds Legal en qualsevol de les ocasions que entrin al web, ja que aquesta pot patir modificacions ja que el prestador es reserva el dret a modificar qualsevol tipus d\u2019informaci\u00f3 que pogu\u00e9s apar\u00e8ixer a la web, sense que hi hagi l\u2019obligaci\u00f3 d\u2019avisar o posar en coneixement dels usuaris aquestes obligacions, sent suficients la publicaci\u00f3 al lloc web del prestador.<\/p>\n<ol>\n<li><strong>CONDICIONS D\u2019ACC\u00c9S I \u00daS DE LA WEB.<\/strong><\/li>\n<\/ol>\n<p><strong>2.1.<\/strong>\u00a0<strong>Car\u00e0cter gratu\u00eft de l\u2019acc\u00e9s i \u00fas del web.<br \/>\n<\/strong>La prestaci\u00f3 dels serveis per part de Crossfit 77 Feet Tortosa t\u00e9 car\u00e0cter gratu\u00eft per a tots els usuaris. No obstant aix\u00f2, alguns dels serveis subministrats pel prestador a trav\u00e9s del web estan subjectes al pagament d\u2019un preu determinat a les condiciones generals de contractaci\u00f3.<\/p>\n<p><strong>2.2.<\/strong>\u00a0<strong>Registre d\u2019Usuari.<br \/>\n<\/strong>Amb car\u00e0cter general la prestaci\u00f3 dels Serveis no exigeix la pr\u00e8via subscripci\u00f3 o registre dels Usuaris. Aix\u00ed i tot, Crossfit 77 Feet Tortosa condiciona l\u2019\u00fas d\u2019alguns dels serveis a la pr\u00e8via complementaci\u00f3 del corresponent registre d\u2019usuari. Aquest registre s\u2019efectuar\u00e0 en la forma expressament indicada en la pr\u00f2pia secci\u00f3 del servei amb la finalitat de poder emetre el corresponent comanda del servei o producte contractat i \/ o l\u2019enviament d\u2019aquesta compra.<\/p>\n<p><strong>2.3.<\/strong>\u00a0<strong>Veracitat de la informaci\u00f3.<br \/>\n<\/strong>Tota la informaci\u00f3 que facilita l\u2019usuari ha de ser vera\u00e7. A aquests efectes, l\u2019usuari garanteix l\u2019autenticitat de les dades comunicades a trav\u00e9s dels formularis per a la subscripci\u00f3 dels Serveis. Ser\u00e0 responsabilitat de l\u2019usuari mantenir tota la informaci\u00f3 facilitada a Crossfit 77 Feet Tortosa permanentment actualitzada de manera que respongui, en cada moment, a la seva situaci\u00f3 real. En tot cas, l\u2019usuari ser\u00e0 l\u2019\u00fanic responsable de les manifestacions falses o inexactes que realitzi i dels perjudicis que causi al prestador a tercers.<\/p>\n<p><strong>2.4.<\/strong>\u00a0<strong>Menors d\u2019edat.<br \/>\n<\/strong>Per a l\u2019\u00fas dels serveis, els menors d\u2019edat han d\u2019obtenir sempre pr\u00e8viament el consentiment dels pares, tutors o representants legals, responsables \u00faltims de tots els actes realitzats pels menors al seu c\u00e0rrec.\u00a0La responsabilitat en la determinaci\u00f3 de continguts concrets als quals accedeixen els menors correspon a aquells, \u00e9s per aix\u00f2 que, si accedeixen a continguts no apropiats per Internet, s\u2019hauran d\u2019establir en els seus ordinadors mecanismes, en particular programes inform\u00e0tics, filtres i bloquejos, que permetin limitar els continguts disponibles i, tot i que no siguin infal\u00b7libles, s\u00f3n d\u2019especial utilitat per controlar i restringir els materials als quals poden accedir els menors.<\/p>\n<p><strong>2.5.<\/strong>\u00a0<strong>Obligaci\u00f3 de fer un \u00fas correcte de la web.<br \/>\n<\/strong>L\u2019usuari es compromet a utilitzar la web de conformitat a la Llei i al present Av\u00eds Legal, aix\u00ed com a la moral i bons costums.\u00a0A aquest efecte, l\u2019usuari s\u2019abstindr\u00e0 d\u2019utilitzar la p\u00e0gina amb finalitats il\u00b7l\u00edcites o prohibides, lesives de drets i interessos de tercers, o que de qualsevol forma puguin danyar, inutilitzar, sobrecarregar, deteriorar o impedir la normal utilitzaci\u00f3 d\u2019equips inform\u00e0tics o documents, arxius i tota classe de continguts emmagatzemats en qualsevol equip inform\u00e0tic del prestador.<\/p>\n<p>En particular, a t\u00edtol indicatiu, per\u00f2 no exhaustiu, l\u2019usuari es compromet a no transmetre, difondre o posar a disposici\u00f3 de tercers, informacions, dades, continguts, missatges, gr\u00e0fics, dibuixos, arxius de so o imatge, fotografies, enregistraments, programari i, en general, qualsevol classe de material que:<\/p>\n<p>(a) sigui contr\u00e0ria, menyspre\u00ef o atempti contra els drets fonamentals i les llibertats p\u00fabliques reconegudes constitucionalment, en tractats internacionals i altres normes vigents;<\/p>\n<p>(b) indueixi, inciti o promogui actuacions delictives, denigrants, difamat\u00f2ries, violentes o, en general, contr\u00e0ries a la llei, a la moral i l\u2019ordre p\u00fablic;<\/p>\n<p>(c) indueixi, inciti o promogui actuacions, actituds o pensaments discriminatoris per ra\u00f3 de sexe, ra\u00e7a, religi\u00f3, creences, edat o condici\u00f3;<\/p>\n<p>(d) sigui contrari al dret a l\u2019honor, a la intimitat personal o familiar a la pr\u00f2pia imatge de les persones;<\/p>\n<p>(e) de qualsevol manera perjudiqui la credibilitat del prestador o de tercers;\u00a0i<\/p>\n<p>(f) constitueixi publicitat il\u00b7l\u00edcita, enganyosa o deslleial.<\/p>\n<p><strong>3.- EXCLUSI\u00d3 DE GARANTIES I RESPONSABILITAT<br \/>\n<\/strong>El prestador s\u2019eximeix de qualsevol tipus de responsabilitat derivada de la informaci\u00f3 publicada al nostre lloc web, sempre que aquesta informaci\u00f3 hagi estat manipulada o introdu\u00efda per un tercer ali\u00e8.<\/p>\n<p>Aquest web ha estat revisada i provada perqu\u00e8 funcioni correctament.\u00a0En principi, es pot garantir el correcte funcionament els 365 dies de l\u2019any, 24 hores al dia.\u00a0No obstant aix\u00f2, el prestador no descarta la possibilitat que existeixin determinats errors de programaci\u00f3, o que succeeixin causes de for\u00e7a major, cat\u00e0strofes naturals, vagues, o circumst\u00e0ncies semblants que facin impossible l\u2019acc\u00e9s a la p\u00e0gina web.<\/p>\n<p>Crossfit 77 Feet Tortosa no atorga cap garantia ni es fa responsable, en cap cas, dels danys i perjudicis de qualsevol naturalesa que puguin sortir a col\u00b7laci\u00f3 de la manca de disponibilitat, manteniment i efectiu funcionament del web o dels seus serveis i continguts; de l\u2019exist\u00e8ncia de virus, programes maliciosos o lesius en els continguts; de l\u2019\u00fas il\u00b7l\u00edcit, negligent, fraudulent o contrari a aquest Av\u00eds Legal i condicions d\u2019\u00fas; o de la falta de licitud, qualitat, fiabilitat, utilitat i disponibilitat dels serveis prestats per tercers i posats a disposici\u00f3 dels usuaris al lloc web.<\/p>\n<p>El prestador no es fa responsable en cap concepte dels danys que puguin dimanar de l\u2019\u00fas il\u00b7legal o indegut de la present p\u00e0gina web.<\/p>\n<p><strong>4.- GALETES<br \/>\n<\/strong>El lloc web del prestador pot utilitzar galetes (petits arxius d\u2019informaci\u00f3 que el servidor envia a l\u2019ordinador de qui accedeix a la p\u00e0gina) per dur a terme determinades funcions que s\u00f3n considerades imprescindibles per al correcte funcionament i visualitzaci\u00f3 del lloc.\u00a0Les galetes utilitzades tenen, en tot cas, car\u00e0cter temporal, amb l\u2019\u00fanica finalitat de fer m\u00e9s efica\u00e7 la navegaci\u00f3, i desapareixen en acabar la sessi\u00f3 de l\u2019usuari.<\/p>\n<p>En cap cas s\u2019utilitzaran les galetes per recollir informaci\u00f3 de car\u00e0cter personal.<\/p>\n<p><strong>5.- ENLLA\u00c7OS (LINKS)<br \/>\n<\/strong>Des del lloc web \u00e9s possible que es redirigeixi a continguts de terceres webs. At\u00e8s que des del web no podem controlar sempre els continguts introdu\u00efts pels tercers, Crossfit 77 Feet Tortosa no assumeix cap tipus de responsabilitat respecte a aquests continguts. En tot cas, el prestador manifesta que procedir\u00e0 a la retirada immediata de qualsevol contingut que pogu\u00e9s contravenir la legislaci\u00f3 nacional o internacional, la moral o l\u2019ordre p\u00fablic, procedint a la retirada immediata de la redirecci\u00f3 a aquestes webs, posant en coneixement de les autoritats competents el contingut en q\u00fcesti\u00f3.<\/p>\n<p>El prestador no es responsabilitza de la informaci\u00f3 i continguts emmagatzemats, a t\u00edtol enunciatiu, per\u00f2 no limitant, en f\u00f2rums, xats, generadors de blogs, comentaris, xarxes socials o qualsevol altre mitj\u00e0 que permeti a tercers publicar continguts de forma independent a la p\u00e0gina web del prestador.\u00a0No obstant aix\u00f2 i en compliment del que disposa l\u2019art.\u00a011 i 16 de la LSSICE, el prestador es posa a disposici\u00f3 de tots els usuaris, autoritats i forces de seguretat, i col\u00b7laborant de forma activa en la retirada o, quan sigui necessari, el bloqueig de tots aquells continguts que puguin afectar o contravenir la legislaci\u00f3 nacional, o internacional, drets de tercers o la moral i l\u2019ordre p\u00fablic.\u00a0En cas que l\u2019usuari consideri que pot existir algun contingut que pogu\u00e9s ser susceptible d\u2019aquesta classificaci\u00f3, es prega ho faci saber de forma immediata a l\u2019administrador del lloc web.<\/p>\n<p><strong>6.- Protecci\u00f3 de dades personals<br \/>\n<\/strong>El prestador est\u00e0 profundament comprom\u00e8s amb el compliment de la normativa de protecci\u00f3 de dades personals i garanteix el compliment \u00edntegre de les obligacions disposades, aix\u00ed com la implementaci\u00f3 de les mesures de seguretat disposades al Reglament Europeu de Protecci\u00f3 de dades i la normativa espanyola de protecci\u00f3 de dades.<\/p>\n<ol>\n<li><strong>XARXES SOCIALS<\/strong><\/li>\n<\/ol>\n<p>L\u2019informem que Crossfit 77 Feet Tortosa pot estar present en xarxes socials. El tractament de les dades que els usuaris incloguin en les mateixes [fent seguidors del prestador a les xarxes socials (i \/ o realitzant qualsevol vincle o acci\u00f3 de connexi\u00f3 a trav\u00e9s d\u2019aquestes)] es regir\u00e0 per aquest apartat, aix\u00ed com per les condicions de \u00fas, pol\u00edtiques de privacitat i normatives d\u2019acc\u00e9s i \u00fas de les xarxes socials en q\u00fcesti\u00f3 i acceptades pr\u00e8viament per l\u2019usuari. Crossfit 77 Feet Tortosa tractar\u00e0 les seves dades per tal d\u2019informar-les activitats, productes o serveis del prestador a trav\u00e9s d\u2019aquestes xarxes socials, aix\u00ed com per a qualsevol altra finalitat que les normatives de les Xarxes Socials permetin, per\u00f2 no es far\u00e0 responsable de les seves pol\u00edtiques de privacitat.<\/p>\n<p>Queda prohibida la publicaci\u00f3 de continguts:<\/p>\n<p>\u2013 Que siguin presumptament il\u00b7l\u00edcits per la normativa nacional, comunit\u00e0ria o internacional o que realitzin activitats presumptament il\u00b7l\u00edcites o contravinguin els principis de la bona fe.<\/p>\n<p>\u2013 Que atemptin contra els drets fonamentals de les persones, faltin a la cortesia a la xarxa, molestin o puguin generar opinions negatives en els nostres usuaris o tercers i en general qualssevol siguin els continguts que Crossfit 77 Feet Tortosa consideri no apropiats.<\/p>\n<p>\u2013 I en general que contravinguin els principis de legalitat, honradesa, responsabilitat, protecci\u00f3 de la dignitat humana, protecci\u00f3 de menors, protecci\u00f3 de l\u2019ordre p\u00fablic, la protecci\u00f3 de la vida privada, la protecci\u00f3 del consumidor i els drets de propietat intel\u00b7lectual i industrial.<\/p>\n<p>Aix\u00ed mateix, Crossfit 77 Feet Tortosa es reserva la potestat de retirar, sense previ av\u00eds del lloc web o de la xarxa social corporativa aquells continguts que es considerin no apropiats.<\/p>\n<p><strong>8.- PROPIETAT INTEL\u00b7LECTUAL I INDUSTRIAL<br \/>\n<\/strong>El lloc web, incloent a t\u00edtol enunciatiu, per\u00f2 no limitatiu la programaci\u00f3, edici\u00f3, compilaci\u00f3 i altres elements necessaris per al seu funcionament, els dissenys, logotips, textos, fotografies i \/ o gr\u00e0fics s\u00f3n propietat del prestador o, en cas que fos necessari , disposa de la llic\u00e8ncia o autoritzaci\u00f3 expressa per part dels autors.\u00a0Tots els continguts del lloc web es troben degudament protegits per la normativa de propietat intel\u00b7lectual i industrial.<\/p>\n<p>Independentment de la finalitat per la qual fossin destinats, la reproducci\u00f3 total o parcial, \u00fas, distribuci\u00f3 i comunicaci\u00f3 p\u00fablica requereixen de l\u2019autoritzaci\u00f3 escrita pr\u00e8via per part del prestador.\u00a0Qualsevol \u00fas no autoritzat pr\u00e8viament per part del prestador ser\u00e0 considerat un incompliment greu dels drets de propietat intel\u00b7lectual o industrial de l\u2019autor.<\/p>\n<p>Els dissenys, logotips, textos i \/ o gr\u00e0fics aliens al prestador i que puguin apar\u00e8ixer en el lloc web, pertanyen als seus respectius propietaris, sent ells mateixos responsables de qualsevol possible controv\u00e8rsia que pogu\u00e9s esdevenir respecte als mateixos.\u00a0En tot cas, el prestador compta amb l\u2019autoritzaci\u00f3 expressa i pr\u00e8via per part dels mateixos.<\/p>\n<p>El prestador reconeix a favor dels seus titulars els corresponents drets de propietat industrial i intel\u00b7lectual, no implicant la menci\u00f3 o aparici\u00f3 en el lloc web, de l\u2019exist\u00e8ncia de drets o cap responsabilitat del prestador sobre els mateixos, com tampoc respatller, patrocini o recomanaci\u00f3 per part del mateix.<\/p>\n<p>Per realitzar qualsevol tipus d\u2019observaci\u00f3 respecte a possibles incompliments dels drets de propietat intel\u00b7lectual o industrial, aix\u00ed com sobre qualsevol dels continguts del lloc web, pot fer-ho a trav\u00e9s del correu electr\u00f2nic dalt ressenyat.<\/p>\n<p><strong>9.- Llei aplicable i jurisdicci\u00f3<br \/>\n<\/strong>Per a la resoluci\u00f3 de les controv\u00e8rsies o q\u00fcestions relacionades amb la present p\u00e0gina web o de les activitats en aquesta desenvolupades, ser\u00e0 d\u2019aplicaci\u00f3 la legislaci\u00f3 espanyola, a la qual se sotmeten expressament les parts, sent competents per a la resoluci\u00f3 de tots els conflictes derivats o relacionats amb el seu \u00fas els Jutjats i Tribunals de Tarragona.<\/p>\n<p><strong>Informaci\u00f3 relacionada amb la resoluci\u00f3 de disputa en l\u00ednia de l\u2019Art. 14, par.<\/strong>\u00a0<strong>1 de l\u2019ODR (Regulaci\u00f3 de resoluci\u00f3 de disputa en l\u00ednia):<\/strong><\/p>\n<p>La Comissi\u00f3 Europea ofereix als consumidors l\u2019oportunitat de resoldre disputes en l\u00ednia conformi a l\u2019Art. 14, par.\u00a01 de l\u2019ODR en una de les seves plataformes.\u00a0La plataforma (\u00a0<a href=\"https:\/\/translate.googleusercontent.com\/translate_c?depth=1&amp;hl=ca&amp;rurl=translate.google.es&amp;sl=es&amp;sp=nmt4&amp;tl=ca&amp;u=http:\/\/ec.europa.eu\/consumers\/odr&amp;xid=17259,15700002,15700022,15700186,15700190,15700256,15700259,15700262,15700265&amp;usg=ALkJrhjwPU6uMiwcTadUmpB3ekuUVY2L2g\">http:\/\/ec.europa.eu\/consumers\/odr<\/a>\u00a0) serveix com a web en la qual els consumidors poden intentar arribar a acords sense anar a judici relacionats amb les disputes que sorgeixin en les compres i contractes de serveis en l\u00ednia.<\/p>\n","protected":false},"excerpt":{"rendered":"<p>AV\u00cdS LEGAL Per tal de donar compliment a l\u2019article 10 de la Llei 34\/2002 de Serveis de la Societat de la Informaci\u00f3 i del Comer\u00e7 Electr\u00f2nic, informem als usuaris de les nostres dades: Propietari: Crossfit Lo Flamenc, SL CIF: B16828691 Denominaci\u00f3 Social: Crossfit 77 Feet Tortosa Domicili Social: Passeig de l\u2019Ebre, 20, 43500, Tortosa, Espa\u00f1a E-Mail: info @ crossfit77feettortosa.com Lloc web: www.crossfit77feettortosa.com 1.- OBJECTE Crossfit 77 Feet Tortosa (des d\u2019ara tamb\u00e9 el prestador) com responsable del lloc web, posa a disposici\u00f3 dels usuaris el present document, que regula l\u2019\u00fas del [&hellip;]<\/p>\n","protected":false},"author":1,"featured_media":0,"parent":0,"menu_order":0,"comment_status":"closed","ping_status":"closed","template":"","meta":{"_joinchat":[],"footnotes":""},"class_list":["post-8166","page","type-page","status-publish","hentry"],"_links":{"self":[{"href":"https:\/\/crossfit77feetlarapita.com\/index.php?rest_route=\/wp\/v2\/pages\/8166","targetHints":{"allow":["GET"]}}],"collection":[{"href":"https:\/\/crossfit77feetlarapita.com\/index.php?rest_route=\/wp\/v2\/pages"}],"about":[{"href":"https:\/\/crossfit77feetlarapita.com\/index.php?rest_route=\/wp\/v2\/types\/page"}],"author":[{"embeddable":true,"href":"https:\/\/crossfit77feetlarapita.com\/index.php?rest_route=\/wp\/v2\/users\/1"}],"replies":[{"embeddable":true,"href":"https:\/\/crossfit77feetlarapita.com\/index.php?rest_route=%2Fwp%2Fv2%2Fcomments&post=8166"}],"version-history":[{"count":6,"href":"https:\/\/crossfit77feetlarapita.com\/index.php?rest_route=\/wp\/v2\/pages\/8166\/revisions"}],"predecessor-version":[{"id":8235,"href":"https:\/\/crossfit77feetlarapita.com\/index.php?rest_route=\/wp\/v2\/pages\/8166\/revisions\/8235"}],"wp:attachment":[{"href":"https:\/\/crossfit77feetlarapita.com\/index.php?rest_route=%2Fwp%2Fv2%2Fmedia&parent=8166"}],"curies":[{"name":"wp","href":"https:\/\/api.w.org\/{rel}","templated":true}]}}