{"id":1774,"date":"2018-03-01T14:16:29","date_gmt":"2018-03-01T14:16:29","guid":{"rendered":"https:\/\/prowess.qodeinteractive.com\/elementor\/?page_id=1774"},"modified":"2025-04-28T09:52:25","modified_gmt":"2025-04-28T08:52:25","slug":"contact-us","status":"publish","type":"page","link":"https:\/\/crossfit77feetlarapita.com\/?page_id=1774","title":{"rendered":"Contacta"},"content":{"rendered":"\t\t<div data-elementor-type=\"wp-page\" data-elementor-id=\"1774\" class=\"elementor elementor-1774\">\n\t\t\t\t\t\t<section class=\"elementor-section elementor-top-section elementor-element elementor-element-b2df894 elementor-section-boxed elementor-section-height-default elementor-section-height-default qodef-parallax-row-no qodef-content-aligment-left qodef-elementor-row-grid-no qodef-disabled-bg-image-bellow-no\" data-id=\"b2df894\" data-element_type=\"section\">\n\t\t\t\t\t\t<div class=\"elementor-container elementor-column-gap-default\">\n\t\t\t\t\t<div class=\"elementor-column elementor-col-100 elementor-top-column elementor-element elementor-element-dbc5583\" data-id=\"dbc5583\" data-element_type=\"column\">\n\t\t\t<div class=\"elementor-widget-wrap elementor-element-populated\">\n\t\t\t\t\t\t<div class=\"elementor-element elementor-element-5f1c366 elementor-widget elementor-widget-heading\" data-id=\"5f1c366\" data-element_type=\"widget\" data-widget_type=\"heading.default\">\n\t\t\t\t<div class=\"elementor-widget-container\">\n\t\t\t\t\t<h2 class=\"elementor-heading-title elementor-size-default\">Formulari de contacte<\/h2>\t\t\t\t<\/div>\n\t\t\t\t<\/div>\n\t\t\t\t\t<\/div>\n\t\t<\/div>\n\t\t\t\t\t<\/div>\n\t\t<\/section>\n\t\t\t\t<section class=\"elementor-section elementor-top-section elementor-element elementor-element-5853a80 qodef-elementor-row-grid-section elementor-section-full_width elementor-section-height-default elementor-section-height-default qodef-parallax-row-no qodef-content-aligment-left qodef-disabled-bg-image-bellow-no\" data-id=\"5853a80\" data-element_type=\"section\">\n\t\t\t\t\t\t<div class=\"elementor-container elementor-column-gap-default\">\n\t\t\t\t\t<div class=\"elementor-column elementor-col-50 elementor-top-column elementor-element elementor-element-21890f5\" data-id=\"21890f5\" data-element_type=\"column\">\n\t\t\t<div class=\"elementor-widget-wrap elementor-element-populated\">\n\t\t\t\t\t\t<div class=\"elementor-element elementor-element-fc6e17d elementor-widget elementor-widget-qodef_section_title\" data-id=\"fc6e17d\" data-element_type=\"widget\" data-widget_type=\"qodef_section_title.default\">\n\t\t\t\t<div class=\"elementor-widget-container\">\n\t\t\t\t\t<div class=\"qodef-section-title-holder   \" >\n\t<div class=\"qodef-st-inner\">\n\t\t\t\t\t<h5 class=\"qodef-st-title\" >\n\t\t\t\tAdre\u00e7a\t\t\t<\/h5>\n\t\t        \t\t\t<\/div>\n<\/div>\t\t\t\t<\/div>\n\t\t\t\t<\/div>\n\t\t\t\t<div class=\"elementor-element elementor-element-250d2a8 elementor-widget elementor-widget-text-editor\" data-id=\"250d2a8\" data-element_type=\"widget\" data-widget_type=\"text-editor.default\">\n\t\t\t\t<div class=\"elementor-widget-container\">\n\t\t\t\t\t\t\t\t\t<p><a href=\"https:\/\/maps.app.goo.gl\/PZAgvPmhyeRq7yB78?g_st=com.google.maps.preview.copy\">Avinguda Catalunya, 48<\/a><\/p><p>43540 La R\u00e0pita<\/p>\t\t\t\t\t\t\t\t<\/div>\n\t\t\t\t<\/div>\n\t\t\t\t<section class=\"elementor-section elementor-inner-section elementor-element elementor-element-42002d3 elementor-section-full_width elementor-section-height-default elementor-section-height-default qodef-parallax-row-no qodef-content-aligment-left qodef-elementor-row-grid-no qodef-disabled-bg-image-bellow-no\" data-id=\"42002d3\" data-element_type=\"section\">\n\t\t\t\t\t\t<div class=\"elementor-container elementor-column-gap-default\">\n\t\t\t\t\t<div class=\"elementor-column elementor-col-50 elementor-inner-column elementor-element elementor-element-863679a\" data-id=\"863679a\" data-element_type=\"column\">\n\t\t\t<div class=\"elementor-widget-wrap elementor-element-populated\">\n\t\t\t\t\t\t<div class=\"elementor-element elementor-element-626f2b1 elementor-widget elementor-widget-text-editor\" data-id=\"626f2b1\" data-element_type=\"widget\" data-widget_type=\"text-editor.default\">\n\t\t\t\t<div class=\"elementor-widget-container\">\n\t\t\t\t\t\t\t\t\t<h5>Tel\u00e8fon<\/h5>\t\t\t\t\t\t\t\t<\/div>\n\t\t\t\t<\/div>\n\t\t\t\t<div class=\"elementor-element elementor-element-49a2c1c elementor-widget elementor-widget-text-editor\" data-id=\"49a2c1c\" data-element_type=\"widget\" data-widget_type=\"text-editor.default\">\n\t\t\t\t<div class=\"elementor-widget-container\">\n\t\t\t\t\t\t\t\t\t<a style=\"color: #9c9c9c;\" href=\"tel:167712444227\" target=\"_blank\" rel=\"noopener noreferrer\">1-677-124-44227<\/a>\t\t\t\t\t\t\t\t<\/div>\n\t\t\t\t<\/div>\n\t\t\t\t\t<\/div>\n\t\t<\/div>\n\t\t\t\t<div class=\"elementor-column elementor-col-50 elementor-inner-column elementor-element elementor-element-6db1215\" data-id=\"6db1215\" data-element_type=\"column\">\n\t\t\t<div class=\"elementor-widget-wrap elementor-element-populated\">\n\t\t\t\t\t\t<div class=\"elementor-element elementor-element-113cfe3 elementor-widget elementor-widget-text-editor\" data-id=\"113cfe3\" data-element_type=\"widget\" data-widget_type=\"text-editor.default\">\n\t\t\t\t<div class=\"elementor-widget-container\">\n\t\t\t\t\t\t\t\t\t<h5>Email<\/h5>\t\t\t\t\t\t\t\t<\/div>\n\t\t\t\t<\/div>\n\t\t\t\t<div class=\"elementor-element elementor-element-948c091 elementor-widget elementor-widget-text-editor\" data-id=\"948c091\" data-element_type=\"widget\" data-widget_type=\"text-editor.default\">\n\t\t\t\t<div class=\"elementor-widget-container\">\n\t\t\t\t\t\t\t\t\t<p><a href=\"mailto:info@crossfit77feettortosa.com\"><span style=\"color: #f34e3a;\">info@crossfit77feettortosa.com<\/span><\/a><\/p>\t\t\t\t\t\t\t\t<\/div>\n\t\t\t\t<\/div>\n\t\t\t\t\t<\/div>\n\t\t<\/div>\n\t\t\t\t\t<\/div>\n\t\t<\/section>\n\t\t\t\t<div class=\"elementor-element elementor-element-a3e5787 elementor-widget elementor-widget-text-editor\" data-id=\"a3e5787\" data-element_type=\"widget\" data-widget_type=\"text-editor.default\">\n\t\t\t\t<div class=\"elementor-widget-container\">\n\t\t\t\t\t\t\t\t\t<p>Vine a descobrir els nostres 500 m2 de salut i benestar.<\/p>\t\t\t\t\t\t\t\t<\/div>\n\t\t\t\t<\/div>\n\t\t\t\t<div class=\"elementor-element elementor-element-1567d32 elementor-widget elementor-widget-qodef_google_map\" data-id=\"1567d32\" data-element_type=\"widget\" data-widget_type=\"qodef_google_map.default\">\n\t\t\t\t<div class=\"elementor-widget-container\">\n\t\t\t\t\t<div class=\"qodef-google-map-holder\">\n\t<div class=\"qodef-google-map\" id=\"qodef-map-292440\" data-addresses='[\"Weesperbuurt en Plantage Amsterdam, Netherlands\"]' data-custom-map-style=yes data-color-overlay=#CECECE data-saturation=-100 data-lightness=20 data-zoom=15 data-pin=https:\/\/crossfit77feetlarapita.com\/wp-content\/uploads\/2018\/03\/map-pin.png data-unique-id=292440 data-scroll-wheel=no data-height=360 ><\/div>\n\t\t\t\t<div class=\"qodef-google-map-overlay\"><\/div>\n\t<\/div>\n\t\t\t\t<\/div>\n\t\t\t\t<\/div>\n\t\t\t\t\t<\/div>\n\t\t<\/div>\n\t\t\t\t<div class=\"elementor-column elementor-col-50 elementor-top-column elementor-element elementor-element-59284a4\" data-id=\"59284a4\" data-element_type=\"column\">\n\t\t\t<div class=\"elementor-widget-wrap elementor-element-populated\">\n\t\t\t\t\t\t<div class=\"elementor-element elementor-element-774acf7 elementor-widget elementor-widget-qodef_cf7\" data-id=\"774acf7\" data-element_type=\"widget\" data-widget_type=\"qodef_cf7.default\">\n\t\t\t\t<div class=\"elementor-widget-container\">\n\t\t\t\t\t    \n<div class=\"wpcf7 no-js\" id=\"wpcf7-f1104-o1\" lang=\"en-US\" dir=\"ltr\" data-wpcf7-id=\"1104\">\n<div class=\"screen-reader-response\"><p role=\"status\" aria-live=\"polite\" aria-atomic=\"true\"><\/p> <ul><\/ul><\/div>\n<form action=\"\/index.php?rest_route=%2Fwp%2Fv2%2Fpages%2F1774#wpcf7-f1104-o1\" method=\"post\" class=\"wpcf7-form init\" aria-label=\"Contact form\" novalidate=\"novalidate\" data-status=\"init\">\n<fieldset class=\"hidden-fields-container\"><input type=\"hidden\" name=\"_wpcf7\" value=\"1104\" \/><input type=\"hidden\" name=\"_wpcf7_version\" value=\"6.1.4\" \/><input type=\"hidden\" name=\"_wpcf7_locale\" value=\"en_US\" \/><input type=\"hidden\" name=\"_wpcf7_unit_tag\" value=\"wpcf7-f1104-o1\" \/><input type=\"hidden\" name=\"_wpcf7_container_post\" value=\"0\" \/><input type=\"hidden\" name=\"_wpcf7_posted_data_hash\" value=\"\" \/>\n<\/fieldset>\n* Camps requerits.\n<div>\n    <div class=\"qodef-grid-row mkd-grid-tiny-gutter\">\n         <div class=\"qodef-grid-col-4\">\n           <span class=\"wpcf7-form-control-wrap\" data-name=\"your-name\"><input size=\"40\" maxlength=\"400\" class=\"wpcf7-form-control wpcf7-text wpcf7-validates-as-required\" autocomplete=\"name\" aria-required=\"true\" aria-invalid=\"false\" placeholder=\"*Nom\" value=\"\" type=\"text\" name=\"your-name\" \/><\/span>\n         <\/div>\n         <div class=\"qodef-grid-col-8\">\n          <span class=\"wpcf7-form-control-wrap\" data-name=\"last-name\"><input size=\"40\" maxlength=\"400\" class=\"wpcf7-form-control wpcf7-text wpcf7-validates-as-required\" autocomplete=\"name\" aria-required=\"true\" aria-invalid=\"false\" placeholder=\"*Cognoms\" value=\"\" type=\"text\" name=\"last-name\" \/><\/span>\n         <\/div>\n    <\/div>\n      <div class=\"qodef-grid-row mkd-grid-tiny-gutter\">\n         <div class=\"qodef-grid-col-4\">\n           <span class=\"wpcf7-form-control-wrap\" data-name=\"your-phone\"><input size=\"40\" maxlength=\"400\" class=\"wpcf7-form-control wpcf7-text wpcf7-validates-as-required\" autocomplete=\"tel\" aria-required=\"true\" aria-invalid=\"false\" placeholder=\"*Tel\u00e8fon\" value=\"\" type=\"text\" name=\"your-phone\" \/><\/span>\n         <\/div>\n         <div class=\"qodef-grid-col-8\">\n          <span class=\"wpcf7-form-control-wrap\" data-name=\"your-email\"><input size=\"40\" maxlength=\"400\" class=\"wpcf7-form-control wpcf7-email wpcf7-validates-as-required wpcf7-text wpcf7-validates-as-email\" autocomplete=\"email\" aria-required=\"true\" aria-invalid=\"false\" placeholder=\"*Email\" value=\"\" type=\"email\" name=\"your-email\" \/><\/span>\n         <\/div>\n         <div class=\"qodef-grid-col-12\">\n          <span class=\"wpcf7-form-control-wrap\" data-name=\"your-subject\"><input size=\"40\" maxlength=\"400\" class=\"wpcf7-form-control wpcf7-text\" aria-invalid=\"false\" placeholder=\"Assumpte\" value=\"\" type=\"text\" name=\"your-subject\" \/><\/span>\n         <\/div>\n    <\/div>\n    <div class=\"qodef-grid-row\">\n       <div class=\"qodef-grid-col-12\">\n           <span class=\"wpcf7-form-control-wrap\" data-name=\"your-message\"><textarea cols=\"40\" rows=\"10\" maxlength=\"2000\" class=\"wpcf7-form-control wpcf7-textarea\" aria-invalid=\"false\" placeholder=\"Missatge\" name=\"your-message\"><\/textarea><\/span>\n       <\/div>\n    <\/div>\n    <div class=\"qodef-grid-row\">\n       <div class=\"qodef-grid-col-12\">\n       <div class=\"qodef-btn qodef-btn-small qodef-btn-solid qodef-btn-icon qodef-custom-cf-7-button\"><input class=\"wpcf7-form-control wpcf7-submit has-spinner\" type=\"submit\" value=\"Send\" \/><span class=\"qodef-btn-text\">ENVIA<\/span><span class=\"qodef-btn-text-inner qodef-btn-text-inner-icon\"><i class=\"qodef-icon-ion-icon ion-arrow-right-c \"><\/i><i class=\"qodef-icon-ion-icon ion-arrow-right-c \"><\/i><\/span><\/div>\n\n       <\/div>\n    <\/div>\n<\/div><div class=\"wpcf7-response-output\" aria-hidden=\"true\"><\/div>\n<\/form>\n<\/div>\n\t\t\t\t<\/div>\n\t\t\t\t<\/div>\n\t\t\t\t\t<\/div>\n\t\t<\/div>\n\t\t\t\t\t<\/div>\n\t\t<\/section>\n\t\t\t\t<section class=\"elementor-section elementor-top-section elementor-element elementor-element-2e3067d elementor-section-full_width elementor-section-height-default elementor-section-height-default qodef-parallax-row-no qodef-content-aligment-left qodef-elementor-row-grid-no qodef-disabled-bg-image-bellow-no\" data-id=\"2e3067d\" data-element_type=\"section\" data-settings=\"{&quot;background_background&quot;:&quot;classic&quot;}\">\n\t\t\t\t\t\t<div class=\"elementor-container elementor-column-gap-default\">\n\t\t\t\t\t<div class=\"elementor-column elementor-col-100 elementor-top-column elementor-element elementor-element-68331f8\" data-id=\"68331f8\" data-element_type=\"column\">\n\t\t\t<div class=\"elementor-widget-wrap elementor-element-populated\">\n\t\t\t\t\t\t<div class=\"elementor-element elementor-element-877f339 elementor-widget elementor-widget-text-editor\" data-id=\"877f339\" data-element_type=\"widget\" data-widget_type=\"text-editor.default\">\n\t\t\t\t<div class=\"elementor-widget-container\">\n\t\t\t\t\t\t\t\t\t<h5 style=\"text-align: center;\"><span style=\"color: #ffffff;\">segueix-nos!<\/span><\/h5>\t\t\t\t\t\t\t\t<\/div>\n\t\t\t\t<\/div>\n\t\t\t\t<div class=\"elementor-element elementor-element-7494bb0 elementor-widget__width-auto elementor-widget elementor-widget-qodef_icon\" data-id=\"7494bb0\" data-element_type=\"widget\" data-widget_type=\"qodef_icon.default\">\n\t\t\t\t<div class=\"elementor-widget-container\">\n\t\t\t\t\t    <span class=\"qodef-icon-shortcode qodef-circle   qodef-icon-large\" style=\"margin: 0px 19px 0px 0px;width: 55px;height: 55px;line-height: 55px;background-color: #DE4734\" data-hover-background-color=\"#FFFFFF\" data-hover-color=\"#F34E3A\" data-color=\"#FFFFFF\">\n                    <a itemprop=\"url\" class=\"\" href=\"https:\/\/www.facebook.com\/Crossfit_77feettortosa\" target=\"_blank\">\n                    <i class=\"qodef-icon-font-awesome fa fa-facebook qodef-icon-element\" style=\"color: #FFFFFF;font-size:20px\" ><\/i>                    <\/a>\n            <\/span>\n\t\t\t\t<\/div>\n\t\t\t\t<\/div>\n\t\t\t\t<div class=\"elementor-element elementor-element-a7d9437 elementor-widget__width-auto elementor-widget elementor-widget-qodef_icon\" data-id=\"a7d9437\" data-element_type=\"widget\" data-widget_type=\"qodef_icon.default\">\n\t\t\t\t<div class=\"elementor-widget-container\">\n\t\t\t\t\t    <span class=\"qodef-icon-shortcode qodef-circle   qodef-icon-large\" style=\"margin: 0px 19px 0px 0px;width: 55px;height: 55px;line-height: 55px;background-color: #DE4734\" data-hover-background-color=\"#FFFFFF\" data-hover-color=\"#F34E3A\" data-color=\"#FFFFFF\">\n                    <a itemprop=\"url\" class=\"\" href=\"https:\/\/www.instagram.com\/Crossfit_77feettortosa\/\" target=\"_blank\">\n                    <i class=\"qodef-icon-font-awesome fa fa-instagram qodef-icon-element\" style=\"color: #FFFFFF;font-size:20px\" ><\/i>                    <\/a>\n            <\/span>\n\t\t\t\t<\/div>\n\t\t\t\t<\/div>\n\t\t\t\t<div class=\"elementor-element elementor-element-a4a55b8 elementor-widget elementor-widget-image\" data-id=\"a4a55b8\" data-element_type=\"widget\" data-widget_type=\"image.default\">\n\t\t\t\t<div class=\"elementor-widget-container\">\n\t\t\t\t\t\t\t\t\t\t\t\t\t\t\t<img fetchpriority=\"high\" decoding=\"async\" width=\"1024\" height=\"95\" src=\"https:\/\/crossfit77feetlarapita.com\/wp-content\/uploads\/2024\/08\/CONBANDERA_KITDIGITAL-1024x95.png\" class=\"attachment-large size-large wp-image-8459\" alt=\"Logo Kit Digital\" srcset=\"https:\/\/crossfit77feetlarapita.com\/wp-content\/uploads\/2024\/08\/CONBANDERA_KITDIGITAL-1024x95.png 1024w, https:\/\/crossfit77feetlarapita.com\/wp-content\/uploads\/2024\/08\/CONBANDERA_KITDIGITAL-300x28.png 300w, https:\/\/crossfit77feetlarapita.com\/wp-content\/uploads\/2024\/08\/CONBANDERA_KITDIGITAL-768x72.png 768w, https:\/\/crossfit77feetlarapita.com\/wp-content\/uploads\/2024\/08\/CONBANDERA_KITDIGITAL-1536x143.png 1536w, https:\/\/crossfit77feetlarapita.com\/wp-content\/uploads\/2024\/08\/CONBANDERA_KITDIGITAL-600x56.png 600w\" sizes=\"(max-width: 1024px) 100vw, 1024px\" \/>\t\t\t\t\t\t\t\t\t\t\t\t\t\t\t<\/div>\n\t\t\t\t<\/div>\n\t\t\t\t\t<\/div>\n\t\t<\/div>\n\t\t\t\t\t<\/div>\n\t\t<\/section>\n\t\t\t\t<\/div>\n\t\t","protected":false},"excerpt":{"rendered":"<p>Formulari de contacte Adre\u00e7a Avinguda Catalunya, 48 43540 La R\u00e0pita Tel\u00e8fon 1-677-124-44227 Email info@crossfit77feettortosa.com Vine a descobrir els nostres 500 m2 de salut i benestar. * Camps requerits. ENVIA segueix-nos!<\/p>\n","protected":false},"author":1,"featured_media":0,"parent":0,"menu_order":0,"comment_status":"closed","ping_status":"closed","template":"full-width.php","meta":{"_joinchat":[],"footnotes":""},"class_list":["post-1774","page","type-page","status-publish","hentry"],"_links":{"self":[{"href":"https:\/\/crossfit77feetlarapita.com\/index.php?rest_route=\/wp\/v2\/pages\/1774","targetHints":{"allow":["GET"]}}],"collection":[{"href":"https:\/\/crossfit77feetlarapita.com\/index.php?rest_route=\/wp\/v2\/pages"}],"about":[{"href":"https:\/\/crossfit77feetlarapita.com\/index.php?rest_route=\/wp\/v2\/types\/page"}],"author":[{"embeddable":true,"href":"https:\/\/crossfit77feetlarapita.com\/index.php?rest_route=\/wp\/v2\/users\/1"}],"replies":[{"embeddable":true,"href":"https:\/\/crossfit77feetlarapita.com\/index.php?rest_route=%2Fwp%2Fv2%2Fcomments&post=1774"}],"version-history":[{"count":29,"href":"https:\/\/crossfit77feetlarapita.com\/index.php?rest_route=\/wp\/v2\/pages\/1774\/revisions"}],"predecessor-version":[{"id":8508,"href":"https:\/\/crossfit77feetlarapita.com\/index.php?rest_route=\/wp\/v2\/pages\/1774\/revisions\/8508"}],"wp:attachment":[{"href":"https:\/\/crossfit77feetlarapita.com\/index.php?rest_route=%2Fwp%2Fv2%2Fmedia&parent=1774"}],"curies":[{"name":"wp","href":"https:\/\/api.w.org\/{rel}","templated":true}]}}