{"id":1632,"date":"2018-02-28T16:14:21","date_gmt":"2018-02-28T16:14:21","guid":{"rendered":"https:\/\/prowess.qodeinteractive.com\/elementor\/?page_id=1632"},"modified":"2024-08-09T11:21:42","modified_gmt":"2024-08-09T10:21:42","slug":"classes","status":"publish","type":"page","link":"https:\/\/crossfit77feetlarapita.com\/?page_id=1632","title":{"rendered":"Serveis"},"content":{"rendered":"\t\t<div data-elementor-type=\"wp-page\" data-elementor-id=\"1632\" class=\"elementor elementor-1632\">\n\t\t\t\t\t\t<section class=\"elementor-section elementor-top-section elementor-element elementor-element-ae2c769 elementor-section-full_width qodef-elementor-row-grid-section elementor-section-height-default elementor-section-height-default qodef-parallax-row-no qodef-content-aligment-left qodef-disabled-bg-image-bellow-no\" data-id=\"ae2c769\" data-element_type=\"section\">\n\t\t\t\t\t\t<div class=\"elementor-container elementor-column-gap-default\">\n\t\t\t\t\t<div class=\"elementor-column elementor-col-100 elementor-top-column elementor-element elementor-element-07830b8\" data-id=\"07830b8\" data-element_type=\"column\">\n\t\t\t<div class=\"elementor-widget-wrap elementor-element-populated\">\n\t\t\t\t\t\t<div class=\"elementor-element elementor-element-f5217eb elementor-widget elementor-widget-qodef_section_title\" data-id=\"f5217eb\" data-element_type=\"widget\" data-widget_type=\"qodef_section_title.default\">\n\t\t\t\t<div class=\"elementor-widget-container\">\n\t\t\t\t\t<div class=\"qodef-section-title-holder  qodef-tn-position-center \" style=\"text-align: center\">\n\t<div class=\"qodef-st-inner\">\n\t\t\t\t\t<h2 class=\"qodef-st-title\" >\n\t\t\t\tGrups redu\u00efts\t\t\t<\/h2>\n\t\t        \t\t\t\t\t<h5 class=\"qodef-st-text\" >\n\t\t\t\tClasses petites, amb grups redu\u00efts, dirigides per un Coach que estar\u00e0 exclusivament al vostre servei guiant, liderant i educant la classe\t\t\t<\/h5>\n\t\t\t<\/div>\n<\/div>\t\t\t\t<\/div>\n\t\t\t\t<\/div>\n\t\t\t\t\t<\/div>\n\t\t<\/div>\n\t\t\t\t\t<\/div>\n\t\t<\/section>\n\t\t\t\t<section class=\"elementor-section elementor-top-section elementor-element elementor-element-b226c08 elementor-section-full_width elementor-section-height-default elementor-section-height-default qodef-parallax-row-no qodef-content-aligment-left qodef-elementor-row-grid-no qodef-disabled-bg-image-bellow-no\" data-id=\"b226c08\" data-element_type=\"section\">\n\t\t\t\t\t\t<div class=\"elementor-container elementor-column-gap-default\">\n\t\t\t\t\t<div class=\"elementor-column elementor-col-100 elementor-top-column elementor-element elementor-element-bd8a3bf\" data-id=\"bd8a3bf\" data-element_type=\"column\">\n\t\t\t<div class=\"elementor-widget-wrap elementor-element-populated\">\n\t\t\t\t\t\t<div class=\"elementor-element elementor-element-0bf3720 elementor-widget elementor-widget-qodef_event_list\" data-id=\"0bf3720\" data-element_type=\"widget\" data-widget_type=\"qodef_event_list.default\">\n\t\t\t\t<div class=\"elementor-widget-container\">\n\t\t\t\t\t<div class=\"qodef-event-list-holder   qodef-event-list-two-columns\">\n    <div class=\"qodef-event-list-item-holder\">\n    \t<div class=\"qodef-event-list-item-image\">\n\t\t<div class=\"qodef-event-list-item-image-inner\">\n\t\t\t<a itemprop=\"url\" href=\"https:\/\/crossfit77feetlarapita.com\/?events=wod\" target=\"_self\">\n\t\t\t\t<img fetchpriority=\"high\" decoding=\"async\" width=\"550\" height=\"550\" src=\"https:\/\/crossfit77feetlarapita.com\/wp-content\/uploads\/2021\/09\/IMG_9036-550x550.jpg\" class=\"attachment-prowess_select_square size-prowess_select_square wp-post-image\" alt=\"Crossfit\" srcset=\"https:\/\/crossfit77feetlarapita.com\/wp-content\/uploads\/2021\/09\/IMG_9036-550x550.jpg 550w, https:\/\/crossfit77feetlarapita.com\/wp-content\/uploads\/2021\/09\/IMG_9036-e1632157814766-300x300.jpg 300w, https:\/\/crossfit77feetlarapita.com\/wp-content\/uploads\/2021\/09\/IMG_9036-e1632157814766-100x100.jpg 100w, https:\/\/crossfit77feetlarapita.com\/wp-content\/uploads\/2021\/09\/IMG_9036-150x150.jpg 150w, https:\/\/crossfit77feetlarapita.com\/wp-content\/uploads\/2021\/09\/IMG_9036-1100x1100.jpg 1100w, https:\/\/crossfit77feetlarapita.com\/wp-content\/uploads\/2021\/09\/IMG_9036-650x650.jpg 650w, https:\/\/crossfit77feetlarapita.com\/wp-content\/uploads\/2021\/09\/IMG_9036-1300x1300.jpg 1300w\" sizes=\"(max-width: 550px) 100vw, 550px\" \/>\t\t\t<\/a>\n\t\t<\/div>\n\t<\/div>\n\t<div class=\"qodef-event-list-item-content\">\n\t\t<div class=\"qodef-event-list-item-content-holder\">\n\t\t\t<div class=\"qodef-event-list-item-content-inner\">\n                \t\t<div class=\"qodef-event-list-category-holder\">\n\t\t\t\t\t\t\t<a itemprop=\"url\" class=\"qodef-event-list-category\" href=\"https:\/\/crossfit77feetlarapita.com\/?events_category=entrenament-funcional\">Entrenament funcional<\/a>\n\t\t\t\t\t<\/div>\n\t<h3 itemprop=\"name\" class=\"qodef-event-list-item-title\">\n<a itemprop=\"url\" href=\"https:\/\/crossfit77feetlarapita.com\/?events=wod\" target=\"_self\">\n\tCrossfit<\/a>\n<\/h3>\t<p itemprop=\"description\" class=\"qodef-event-list-excerpt\">De tota la nostra oferta, Crossfit seria la m\u00e9s intensa i la que menys opc<\/p>\n<div class=\"qodef-event-list-read-more-button\">\n\t<a itemprop=\"url\" href=\"https:\/\/crossfit77feetlarapita.com\/?events=wod\" target=\"_self\"  class=\"qodef-btn qodef-btn-small qodef-btn-simple qodef-btn-icon\"  >    <span class=\"qodef-btn-text\"><span class=\"qodef-btn-text-inner\">Lleguir m\u00e9s<\/span><\/span>    <span class=\"qodef-btn-text-inner qodef-btn-text-inner-icon\">    \t<i class=\"qodef-icon-ion-icon ion-arrow-right-c \" ><\/i>    \t<i class=\"qodef-icon-ion-icon ion-arrow-right-c \" ><\/i>\t    <\/span><\/a>\n<\/div>\n\t\t\t<\/div>\n\t\t<\/div>\n\t<\/div>\n<\/div><div class=\"qodef-event-list-item-holder\">\n    \t<div class=\"qodef-event-list-item-image\">\n\t\t<div class=\"qodef-event-list-item-image-inner\">\n\t\t\t<a itemprop=\"url\" href=\"https:\/\/crossfit77feetlarapita.com\/?events=sweat\" target=\"_self\">\n\t\t\t\t<img decoding=\"async\" width=\"550\" height=\"550\" src=\"https:\/\/crossfit77feetlarapita.com\/wp-content\/uploads\/2018\/03\/post-masonry-img-5-550x550.jpg\" class=\"attachment-prowess_select_square size-prowess_select_square wp-post-image\" alt=\"Persona fent exercici\" srcset=\"https:\/\/crossfit77feetlarapita.com\/wp-content\/uploads\/2018\/03\/post-masonry-img-5-550x550.jpg 550w, https:\/\/crossfit77feetlarapita.com\/wp-content\/uploads\/2018\/03\/post-masonry-img-5-300x300.jpg 300w, https:\/\/crossfit77feetlarapita.com\/wp-content\/uploads\/2018\/03\/post-masonry-img-5-100x100.jpg 100w, https:\/\/crossfit77feetlarapita.com\/wp-content\/uploads\/2018\/03\/post-masonry-img-5-150x150.jpg 150w, https:\/\/crossfit77feetlarapita.com\/wp-content\/uploads\/2018\/03\/post-masonry-img-5-650x650.jpg 650w\" sizes=\"(max-width: 550px) 100vw, 550px\" \/>\t\t\t<\/a>\n\t\t<\/div>\n\t<\/div>\n\t<div class=\"qodef-event-list-item-content\">\n\t\t<div class=\"qodef-event-list-item-content-holder\">\n\t\t\t<div class=\"qodef-event-list-item-content-inner\">\n                \t\t<div class=\"qodef-event-list-category-holder\">\n\t\t\t\t\t\t\t<a itemprop=\"url\" class=\"qodef-event-list-category\" href=\"https:\/\/crossfit77feetlarapita.com\/?events_category=treball-cardio\">Treball de Cardio<\/a>\n\t\t\t\t\t<\/div>\n\t<h3 itemprop=\"name\" class=\"qodef-event-list-item-title\">\n<a itemprop=\"url\" href=\"https:\/\/crossfit77feetlarapita.com\/?events=sweat\" target=\"_self\">\n\tSweat<\/a>\n<\/h3>\t<p itemprop=\"description\" class=\"qodef-event-list-excerpt\">Oblidat de la barra i els moviments complicats.\r\n\r\nClasse enfocada a millor<\/p>\n<div class=\"qodef-event-list-read-more-button\">\n\t<a itemprop=\"url\" href=\"https:\/\/crossfit77feetlarapita.com\/?events=sweat\" target=\"_self\"  class=\"qodef-btn qodef-btn-small qodef-btn-simple qodef-btn-icon\"  >    <span class=\"qodef-btn-text\"><span class=\"qodef-btn-text-inner\">Lleguir m\u00e9s<\/span><\/span>    <span class=\"qodef-btn-text-inner qodef-btn-text-inner-icon\">    \t<i class=\"qodef-icon-ion-icon ion-arrow-right-c \" ><\/i>    \t<i class=\"qodef-icon-ion-icon ion-arrow-right-c \" ><\/i>\t    <\/span><\/a>\n<\/div>\n\t\t\t<\/div>\n\t\t<\/div>\n\t<\/div>\n<\/div><div class=\"qodef-event-list-item-holder\">\n    \t<div class=\"qodef-event-list-item-image\">\n\t\t<div class=\"qodef-event-list-item-image-inner\">\n\t\t\t<a itemprop=\"url\" href=\"https:\/\/crossfit77feetlarapita.com\/?events=cardio\" target=\"_self\">\n\t\t\t\t<img decoding=\"async\" width=\"550\" height=\"550\" src=\"https:\/\/crossfit77feetlarapita.com\/wp-content\/uploads\/2018\/02\/port-img-11-550x550.jpg\" class=\"attachment-prowess_select_square size-prowess_select_square wp-post-image\" alt=\"Persona exercitant\" srcset=\"https:\/\/crossfit77feetlarapita.com\/wp-content\/uploads\/2018\/02\/port-img-11-550x550.jpg 550w, https:\/\/crossfit77feetlarapita.com\/wp-content\/uploads\/2018\/02\/port-img-11-300x300.jpg 300w, https:\/\/crossfit77feetlarapita.com\/wp-content\/uploads\/2018\/02\/port-img-11-100x100.jpg 100w, https:\/\/crossfit77feetlarapita.com\/wp-content\/uploads\/2018\/02\/port-img-11-150x150.jpg 150w, https:\/\/crossfit77feetlarapita.com\/wp-content\/uploads\/2018\/02\/port-img-11-650x650.jpg 650w\" sizes=\"(max-width: 550px) 100vw, 550px\" \/>\t\t\t<\/a>\n\t\t<\/div>\n\t<\/div>\n\t<div class=\"qodef-event-list-item-content\">\n\t\t<div class=\"qodef-event-list-item-content-holder\">\n\t\t\t<div class=\"qodef-event-list-item-content-inner\">\n                \t\t<div class=\"qodef-event-list-category-holder\">\n\t\t\t\t\t\t\t<a itemprop=\"url\" class=\"qodef-event-list-category\" href=\"https:\/\/crossfit77feetlarapita.com\/?events_category=entrenament-forca\">Entrenament de for\u00e7a<\/a>\n\t\t\t\t\t<\/div>\n\t<h3 itemprop=\"name\" class=\"qodef-event-list-item-title\">\n<a itemprop=\"url\" href=\"https:\/\/crossfit77feetlarapita.com\/?events=cardio\" target=\"_self\">\n\tHalterofilia<\/a>\n<\/h3>\t<p itemprop=\"description\" class=\"qodef-event-list-excerpt\">Sessions d&#039;1 hora enfocades a millorar un element de halterof\u00edlia. No tene<\/p>\n<div class=\"qodef-event-list-read-more-button\">\n\t<a itemprop=\"url\" href=\"https:\/\/crossfit77feetlarapita.com\/?events=cardio\" target=\"_self\"  class=\"qodef-btn qodef-btn-small qodef-btn-simple qodef-btn-icon\"  >    <span class=\"qodef-btn-text\"><span class=\"qodef-btn-text-inner\">Lleguir m\u00e9s<\/span><\/span>    <span class=\"qodef-btn-text-inner qodef-btn-text-inner-icon\">    \t<i class=\"qodef-icon-ion-icon ion-arrow-right-c \" ><\/i>    \t<i class=\"qodef-icon-ion-icon ion-arrow-right-c \" ><\/i>\t    <\/span><\/a>\n<\/div>\n\t\t\t<\/div>\n\t\t<\/div>\n\t<\/div>\n<\/div><div class=\"qodef-event-list-item-holder\">\n    \t<div class=\"qodef-event-list-item-image\">\n\t\t<div class=\"qodef-event-list-item-image-inner\">\n\t\t\t<a itemprop=\"url\" href=\"https:\/\/crossfit77feetlarapita.com\/?events=box\" target=\"_self\">\n\t\t\t\t<img loading=\"lazy\" decoding=\"async\" width=\"550\" height=\"550\" src=\"https:\/\/crossfit77feetlarapita.com\/wp-content\/uploads\/2021\/09\/DSC04917-copia-550x550.jpg\" class=\"attachment-prowess_select_square size-prowess_select_square wp-post-image\" alt=\"Crossfit\" srcset=\"https:\/\/crossfit77feetlarapita.com\/wp-content\/uploads\/2021\/09\/DSC04917-copia-550x550.jpg 550w, https:\/\/crossfit77feetlarapita.com\/wp-content\/uploads\/2021\/09\/DSC04917-copia-300x300.jpg 300w, https:\/\/crossfit77feetlarapita.com\/wp-content\/uploads\/2021\/09\/DSC04917-copia-100x100.jpg 100w, https:\/\/crossfit77feetlarapita.com\/wp-content\/uploads\/2021\/09\/DSC04917-copia-150x150.jpg 150w, https:\/\/crossfit77feetlarapita.com\/wp-content\/uploads\/2021\/09\/DSC04917-copia-1100x1100.jpg 1100w, https:\/\/crossfit77feetlarapita.com\/wp-content\/uploads\/2021\/09\/DSC04917-copia-650x650.jpg 650w, https:\/\/crossfit77feetlarapita.com\/wp-content\/uploads\/2021\/09\/DSC04917-copia-1300x1300.jpg 1300w\" sizes=\"(max-width: 550px) 100vw, 550px\" \/>\t\t\t<\/a>\n\t\t<\/div>\n\t<\/div>\n\t<div class=\"qodef-event-list-item-content\">\n\t\t<div class=\"qodef-event-list-item-content-holder\">\n\t\t\t<div class=\"qodef-event-list-item-content-inner\">\n                \t\t<div class=\"qodef-event-list-category-holder\">\n\t\t\t\t\t\t\t<a itemprop=\"url\" class=\"qodef-event-list-category\" href=\"https:\/\/crossfit77feetlarapita.com\/?events_category=entrenament-forca\">Entrenament de for\u00e7a<\/a>\n\t\t\t\t\t<\/div>\n\t<h3 itemprop=\"name\" class=\"qodef-event-list-item-title\">\n<a itemprop=\"url\" href=\"https:\/\/crossfit77feetlarapita.com\/?events=box\" target=\"_self\">\n\tOpen Box<\/a>\n<\/h3>\t<p itemprop=\"description\" class=\"qodef-event-list-excerpt\">Sessi\u00f3 d&#039;entrenament lliure. Vine i utilitza les nostres instal\u00b7lacions p<\/p>\n<div class=\"qodef-event-list-read-more-button\">\n\t<a itemprop=\"url\" href=\"https:\/\/crossfit77feetlarapita.com\/?events=box\" target=\"_self\"  class=\"qodef-btn qodef-btn-small qodef-btn-simple qodef-btn-icon\"  >    <span class=\"qodef-btn-text\"><span class=\"qodef-btn-text-inner\">Lleguir m\u00e9s<\/span><\/span>    <span class=\"qodef-btn-text-inner qodef-btn-text-inner-icon\">    \t<i class=\"qodef-icon-ion-icon ion-arrow-right-c \" ><\/i>    \t<i class=\"qodef-icon-ion-icon ion-arrow-right-c \" ><\/i>\t    <\/span><\/a>\n<\/div>\n\t\t\t<\/div>\n\t\t<\/div>\n\t<\/div>\n<\/div><\/div>\t\t\t\t<\/div>\n\t\t\t\t<\/div>\n\t\t\t\t\t<\/div>\n\t\t<\/div>\n\t\t\t\t\t<\/div>\n\t\t<\/section>\n\t\t\t\t<section class=\"elementor-section elementor-top-section elementor-element elementor-element-2ff39b1 elementor-section-full_width elementor-section-height-default elementor-section-height-default qodef-parallax-row-no qodef-content-aligment-left qodef-elementor-row-grid-no qodef-disabled-bg-image-bellow-no\" data-id=\"2ff39b1\" data-element_type=\"section\" data-settings=\"{&quot;background_background&quot;:&quot;classic&quot;}\">\n\t\t\t\t\t\t<div class=\"elementor-container elementor-column-gap-default\">\n\t\t\t\t\t<div class=\"elementor-column elementor-col-100 elementor-top-column elementor-element elementor-element-5dc0740\" data-id=\"5dc0740\" data-element_type=\"column\">\n\t\t\t<div class=\"elementor-widget-wrap elementor-element-populated\">\n\t\t\t\t\t\t<div class=\"elementor-element elementor-element-a01bd7a elementor-widget elementor-widget-qodef_clients_carousel\" data-id=\"a01bd7a\" data-element_type=\"widget\" data-widget_type=\"qodef_clients_carousel.default\">\n\t\t\t\t<div class=\"elementor-widget-container\">\n\t\t\t\t\t\t\t<div class=\"qodef-clients-carousel-holder qodef-cc-hover-switch-images\">\n\t\t\t<div class=\"qodef-cc-inner qodef-owl-slider\" data-number-of-items=\"5\" data-enable-loop=\"yes\" data-enable-autoplay=\"yes\" data-slider-speed=\"5000\" data-slider-speed-animation=\"600\" data-enable-navigation=\"no\" data-enable-pagination=\"no\">\n\t\t\t\t<div class=\"qodef-cc-item\">\n\t\t\t\t\t\t<img decoding=\"async\" itemprop=\"image\" class=\"qodef-cc-image\" src=\"https:\/\/crossfit77feetlarapita.com\/wp-content\/uploads\/2021\/09\/ruster.png\" alt=\"RUSTER\" \/>\n\t\t\t\t\t\t\t<img decoding=\"async\" itemprop=\"image\" class=\"qodef-cc-hover-image\" src=\"https:\/\/crossfit77feetlarapita.com\/wp-content\/uploads\/2021\/09\/ruster.png\" alt=\"RUSTER\" \/>\n\t\t\t<\/div><div class=\"qodef-cc-item\">\n\t\t\t\t\t\t<img decoding=\"async\" itemprop=\"image\" class=\"qodef-cc-image\" src=\"https:\/\/crossfit77feetlarapita.com\/wp-content\/uploads\/2021\/09\/annavicente.png\" alt=\"annavicente - dentista i nutricionista\" \/>\n\t\t\t\t\t\t\t<img decoding=\"async\" itemprop=\"image\" class=\"qodef-cc-hover-image\" src=\"https:\/\/crossfit77feetlarapita.com\/wp-content\/uploads\/2021\/09\/annavicente.png\" alt=\"annavicente - dentista i nutricionista\" \/>\n\t\t\t<\/div><div class=\"qodef-cc-item\">\n\t\t\t\t\t\t<img decoding=\"async\" itemprop=\"image\" class=\"qodef-cc-image\" src=\"https:\/\/crossfit77feetlarapita.com\/wp-content\/uploads\/2021\/09\/logo_sai.png\" alt=\"Sai Formaci\u00f3\" \/>\n\t\t\t\t\t\t\t<img decoding=\"async\" itemprop=\"image\" class=\"qodef-cc-hover-image\" src=\"https:\/\/crossfit77feetlarapita.com\/wp-content\/uploads\/2021\/09\/logo_sai.png\" alt=\"Sai Formaci\u00f3\" \/>\n\t\t\t<\/div><div class=\"qodef-cc-item\">\n\t\t\t\t\t\t<img decoding=\"async\" itemprop=\"image\" class=\"qodef-cc-image\" src=\"https:\/\/crossfit77feetlarapita.com\/wp-content\/uploads\/2021\/09\/arrufat1.png\" alt=\"ARRUFAT\" \/>\n\t\t\t\t\t\t\t<img decoding=\"async\" itemprop=\"image\" class=\"qodef-cc-hover-image\" src=\"https:\/\/crossfit77feetlarapita.com\/wp-content\/uploads\/2021\/09\/arrufat1.png\" alt=\"ARRUFAT\" \/>\n\t\t\t<\/div><div class=\"qodef-cc-item\">\n\t\t\t\t\t\t<img decoding=\"async\" itemprop=\"image\" class=\"qodef-cc-image\" src=\"https:\/\/crossfit77feetlarapita.com\/wp-content\/uploads\/2021\/09\/getback.png\" alt=\"GETBACK\" \/>\n\t\t\t\t\t\t\t<img decoding=\"async\" itemprop=\"image\" class=\"qodef-cc-hover-image\" src=\"https:\/\/crossfit77feetlarapita.com\/wp-content\/uploads\/2021\/09\/getback.png\" alt=\"GETBACK\" \/>\n\t\t\t<\/div><div class=\"qodef-cc-item\">\n\t\t\t\t\t\t<img decoding=\"async\" itemprop=\"image\" class=\"qodef-cc-image\" src=\"https:\/\/crossfit77feetlarapita.com\/wp-content\/uploads\/2021\/09\/arrufat.png\" alt=\"ARRUFAT\" \/>\n\t\t\t\t\t\t\t<img decoding=\"async\" itemprop=\"image\" class=\"qodef-cc-hover-image\" src=\"https:\/\/crossfit77feetlarapita.com\/wp-content\/uploads\/2021\/09\/arrufat.png\" alt=\"ARRUFAT\" \/>\n\t\t\t<\/div><div class=\"qodef-cc-item\">\n\t\t\t\t\t\t<img decoding=\"async\" itemprop=\"image\" class=\"qodef-cc-image\" src=\"https:\/\/crossfit77feetlarapita.com\/wp-content\/uploads\/2021\/09\/goprimal.png\" alt=\"GOPRIMAL\" \/>\n\t\t\t\t\t\t\t<img decoding=\"async\" itemprop=\"image\" class=\"qodef-cc-hover-image\" src=\"https:\/\/crossfit77feetlarapita.com\/wp-content\/uploads\/2021\/09\/goprimal.png\" alt=\"GOPRIMAL\" \/>\n\t\t\t<\/div>\t\t\t<\/div>\n\t\t<\/div>\n\t\t\t\t\t\t<\/div>\n\t\t\t\t<\/div>\n\t\t\t\t<div class=\"elementor-element elementor-element-d20a150 elementor-widget elementor-widget-image\" data-id=\"d20a150\" data-element_type=\"widget\" data-widget_type=\"image.default\">\n\t\t\t\t<div class=\"elementor-widget-container\">\n\t\t\t\t\t\t\t\t\t\t\t\t\t\t\t<img loading=\"lazy\" decoding=\"async\" width=\"1024\" height=\"95\" src=\"https:\/\/crossfit77feetlarapita.com\/wp-content\/uploads\/2024\/08\/CONBANDERA_KITDIGITAL-1024x95.png\" class=\"attachment-large size-large wp-image-8459\" alt=\"Logo Kit Digital\" srcset=\"https:\/\/crossfit77feetlarapita.com\/wp-content\/uploads\/2024\/08\/CONBANDERA_KITDIGITAL-1024x95.png 1024w, https:\/\/crossfit77feetlarapita.com\/wp-content\/uploads\/2024\/08\/CONBANDERA_KITDIGITAL-300x28.png 300w, https:\/\/crossfit77feetlarapita.com\/wp-content\/uploads\/2024\/08\/CONBANDERA_KITDIGITAL-768x72.png 768w, https:\/\/crossfit77feetlarapita.com\/wp-content\/uploads\/2024\/08\/CONBANDERA_KITDIGITAL-1536x143.png 1536w, https:\/\/crossfit77feetlarapita.com\/wp-content\/uploads\/2024\/08\/CONBANDERA_KITDIGITAL-600x56.png 600w\" sizes=\"(max-width: 1024px) 100vw, 1024px\" \/>\t\t\t\t\t\t\t\t\t\t\t\t\t\t\t<\/div>\n\t\t\t\t<\/div>\n\t\t\t\t\t<\/div>\n\t\t<\/div>\n\t\t\t\t\t<\/div>\n\t\t<\/section>\n\t\t\t\t<section class=\"elementor-section elementor-top-section elementor-element elementor-element-e8dc3bf elementor-section-boxed elementor-section-height-default elementor-section-height-default qodef-parallax-row-no qodef-content-aligment-left qodef-elementor-row-grid-no qodef-disabled-bg-image-bellow-no\" data-id=\"e8dc3bf\" data-element_type=\"section\">\n\t\t\t\t\t\t<div class=\"elementor-container elementor-column-gap-default\">\n\t\t\t\t\t<div class=\"elementor-column elementor-col-100 elementor-top-column elementor-element elementor-element-b81cf85\" data-id=\"b81cf85\" data-element_type=\"column\">\n\t\t\t<div class=\"elementor-widget-wrap\">\n\t\t\t\t\t\t\t<\/div>\n\t\t<\/div>\n\t\t\t\t\t<\/div>\n\t\t<\/section>\n\t\t\t\t<\/div>\n\t\t","protected":false},"excerpt":{"rendered":"<p>Grups redu\u00efts Classes petites, amb grups redu\u00efts, dirigides per un Coach que estar\u00e0 exclusivament al vostre servei guiant, liderant i educant la classe Entrenament funcional Crossfit De tota la nostra oferta, Crossfit seria la m\u00e9s intensa i la que menys opc Lleguir m\u00e9s Treball de Cardio Sweat Oblidat de la barra i els moviments complicats. Classe enfocada a millor Lleguir m\u00e9s Entrenament de for\u00e7a Halterofilia Sessions d&#039;1 hora enfocades a millorar un element de halterof\u00edlia. No tene Lleguir m\u00e9s Entrenament de for\u00e7a Open Box Sessi\u00f3 d&#039;entrenament lliure. Vine i utilitza [&hellip;]<\/p>\n","protected":false},"author":1,"featured_media":0,"parent":0,"menu_order":0,"comment_status":"closed","ping_status":"closed","template":"full-width.php","meta":{"_joinchat":[],"footnotes":""},"class_list":["post-1632","page","type-page","status-publish","hentry"],"_links":{"self":[{"href":"https:\/\/crossfit77feetlarapita.com\/index.php?rest_route=\/wp\/v2\/pages\/1632","targetHints":{"allow":["GET"]}}],"collection":[{"href":"https:\/\/crossfit77feetlarapita.com\/index.php?rest_route=\/wp\/v2\/pages"}],"about":[{"href":"https:\/\/crossfit77feetlarapita.com\/index.php?rest_route=\/wp\/v2\/types\/page"}],"author":[{"embeddable":true,"href":"https:\/\/crossfit77feetlarapita.com\/index.php?rest_route=\/wp\/v2\/users\/1"}],"replies":[{"embeddable":true,"href":"https:\/\/crossfit77feetlarapita.com\/index.php?rest_route=%2Fwp%2Fv2%2Fcomments&post=1632"}],"version-history":[{"count":38,"href":"https:\/\/crossfit77feetlarapita.com\/index.php?rest_route=\/wp\/v2\/pages\/1632\/revisions"}],"predecessor-version":[{"id":8484,"href":"https:\/\/crossfit77feetlarapita.com\/index.php?rest_route=\/wp\/v2\/pages\/1632\/revisions\/8484"}],"wp:attachment":[{"href":"https:\/\/crossfit77feetlarapita.com\/index.php?rest_route=%2Fwp%2Fv2%2Fmedia&parent=1632"}],"curies":[{"name":"wp","href":"https:\/\/api.w.org\/{rel}","templated":true}]}}